{"id":530963,"date":"2025-09-04T17:49:03","date_gmt":"2025-09-04T14:49:03","guid":{"rendered":"https:\/\/staging.nbg.eu\/product\/magpul-moe-sl-ak-grip-for-ak47-ak74-fde-mag682-fde\/"},"modified":"2025-09-26T16:16:19","modified_gmt":"2025-09-26T13:16:19","slug":"magpul-moe-sl-ak-grep-for-ak47ak74-fde-mag682-fde","status":"publish","type":"product","link":"https:\/\/staging.nbg.eu\/no\/produkt\/magpul-moe-sl-ak-grep-for-ak47ak74-fde-mag682-fde\/","title":{"rendered":"Magpul &#8211; MOE SL AK Grep for AK47\/AK74 &#8211; FDE &#8211; MAG682-FDE"},"content":{"rendered":"<div class=\"product-description\">\n<h2>Magpul MOE SL AK Grep for AK47\/AK74 &#8211; FDE (MAG682-FDE)<\/h2>\n<p>Magpul MOE SL AK Grep i Flat Dark Earth for AK47\/AK74. Dette grepet har en mer vertikal vinkel, optimalisert for v\u00e5pen med kortere lengde, og bringer prim\u00e6rh\u00e5nden n\u00e6rmere kroppen.<\/p>\n<ul>\n<li>Laget av polymer med en strukturert overflate<\/li>\n<li>Passer til b\u00e5de frest og stemplet mottaker, inkludert de med gripforsterkningsplater<\/li>\n<li>Har TSP (Trapezoidal Surface Projections) tekstur for v\u00e5penkontroll<\/li>\n<li>20-graders grepvinkel for ergonomi<\/li>\n<li>Slankere profil sammenlignet med fullst\u00f8rrelsesgrep<\/li>\n<li>Dimensjoner: 10,9 cm H x 2,8 cm T, vekt 73,7 g<\/li>\n<li>Produsert i USA &#8211; teller som en amerikansk samsvardel for 922r<\/li>\n<\/ul>\n<p>Magpul MOE SL AK Grep er designet for ytelse i alle milj\u00f8er.<\/p>\n<\/div>\n","protected":false},"excerpt":{"rendered":"<p>Magpul MOE SL AK-grep: Slankt, teksturert oppgradering for AK47\/74 \u2013 FDE<\/p>\n","protected":false},"featured_media":493585,"template":"","meta":{"_acf_changed":false},"product_brand":[],"product_cat":[13327],"product_tag":[],"class_list":{"0":"post-530963","1":"product","2":"type-product","3":"status-publish","4":"has-post-thumbnail","6":"product_cat-ukategorisert","8":"first","9":"instock","10":"taxable","11":"shipping-taxable","12":"purchasable","13":"product-type-simple"},"acf":[],"_links":{"self":[{"href":"https:\/\/staging.nbg.eu\/no\/wp-json\/wp\/v2\/product\/530963","targetHints":{"allow":["GET"]}}],"collection":[{"href":"https:\/\/staging.nbg.eu\/no\/wp-json\/wp\/v2\/product"}],"about":[{"href":"https:\/\/staging.nbg.eu\/no\/wp-json\/wp\/v2\/types\/product"}],"wp:featuredmedia":[{"embeddable":true,"href":"https:\/\/staging.nbg.eu\/no\/wp-json\/wp\/v2\/media\/493585"}],"wp:attachment":[{"href":"https:\/\/staging.nbg.eu\/no\/wp-json\/wp\/v2\/media?parent=530963"}],"wp:term":[{"taxonomy":"product_brand","embeddable":true,"href":"https:\/\/staging.nbg.eu\/no\/wp-json\/wp\/v2\/product_brand?post=530963"},{"taxonomy":"product_cat","embeddable":true,"href":"https:\/\/staging.nbg.eu\/no\/wp-json\/wp\/v2\/product_cat?post=530963"},{"taxonomy":"product_tag","embeddable":true,"href":"https:\/\/staging.nbg.eu\/no\/wp-json\/wp\/v2\/product_tag?post=530963"}],"curies":[{"name":"wp","href":"https:\/\/api.w.org\/{rel}","templated":true}]}}