{"id":53058,"date":"2024-03-08T06:59:20","date_gmt":"2024-09-13T12:46:38","guid":{"rendered":"https:\/\/staging.nbg.eu\/product\/bore-tech-shotgun-blend\/"},"modified":"2024-09-13T12:47:37","modified_gmt":"2024-09-13T12:47:37","slug":"bore-tech-hagle-blanding","status":"publish","type":"product","link":"https:\/\/staging.nbg.eu\/no\/produkt\/bore-tech-hagle-blanding\/","title":{"rendered":"Bore Tech Hagle Blanding"},"content":{"rendered":"<p>\nBore Tech&#8217;s Shotgun Blend er et kraftig, ammoniakkfritt l\u00f8prengj\u00f8ringsmiddel for hagler. Denne biologisk nedbrytbare formelen fjerner bly, krutt og plastrester fra l\u00f8p, overgangskoner og choke-r\u00f8r. Det er trygt, luktfritt og brukervennlig. Rengj\u00f8ringsmiddelet gir synlige resultater p\u00e5 pussekluter.<\/p>\n","protected":false},"excerpt":{"rendered":"<p>Kraftig b\u00f8rserens fjerner bly, karbon og plastforurensning p\u00e5 en sikker m\u00e5te.<\/p>\n","protected":false},"featured_media":53059,"template":"","meta":{"_acf_changed":false},"product_brand":[11166],"product_cat":[13306,13292],"product_tag":[],"class_list":{"0":"post-53058","1":"product","2":"type-product","3":"status-publish","4":"has-post-thumbnail","6":"product_brand-boretech","7":"product_cat-rengjoringsmidler","8":"product_cat-vapenrengjoring","10":"first","11":"instock","12":"taxable","13":"shipping-taxable","14":"purchasable","15":"product-type-variable","16":"wvs-archive-product-wrapper"},"acf":[],"_links":{"self":[{"href":"https:\/\/staging.nbg.eu\/no\/wp-json\/wp\/v2\/product\/53058","targetHints":{"allow":["GET"]}}],"collection":[{"href":"https:\/\/staging.nbg.eu\/no\/wp-json\/wp\/v2\/product"}],"about":[{"href":"https:\/\/staging.nbg.eu\/no\/wp-json\/wp\/v2\/types\/product"}],"wp:featuredmedia":[{"embeddable":true,"href":"https:\/\/staging.nbg.eu\/no\/wp-json\/wp\/v2\/media\/53059"}],"wp:attachment":[{"href":"https:\/\/staging.nbg.eu\/no\/wp-json\/wp\/v2\/media?parent=53058"}],"wp:term":[{"taxonomy":"product_brand","embeddable":true,"href":"https:\/\/staging.nbg.eu\/no\/wp-json\/wp\/v2\/product_brand?post=53058"},{"taxonomy":"product_cat","embeddable":true,"href":"https:\/\/staging.nbg.eu\/no\/wp-json\/wp\/v2\/product_cat?post=53058"},{"taxonomy":"product_tag","embeddable":true,"href":"https:\/\/staging.nbg.eu\/no\/wp-json\/wp\/v2\/product_tag?post=53058"}],"curies":[{"name":"wp","href":"https:\/\/api.w.org\/{rel}","templated":true}]}}