{"id":530114,"date":"2025-09-04T17:31:43","date_gmt":"2025-09-04T14:31:43","guid":{"rendered":"https:\/\/staging.nbg.eu\/product\/magpul-moe-m-lok-hand-guard-for-ar15-m4-mid-length-black\/"},"modified":"2025-09-26T15:15:47","modified_gmt":"2025-09-26T12:15:47","slug":"magpul-moe-m-lok-handvern-for-ar15m4-middels-lengde-svart","status":"publish","type":"product","link":"https:\/\/staging.nbg.eu\/no\/produkt\/magpul-moe-m-lok-handvern-for-ar15m4-middels-lengde-svart\/","title":{"rendered":"Magpul &#8211; MOE\u00ae M-LOK\u00ae H\u00e5ndvern for AR15\/M4 &#8211; Middels Lengde &#8211; Svart"},"content":{"rendered":"<div class=\"product-description\">\n<h2>Magpul MOE\u00ae M-LOK\u00ae H\u00e5ndvern for AR15\/M4 &#8211; Middels lengde &#8211; Svart<\/h2>\n<p>Magpul MOE M-LOK H\u00e5ndvern for AR-15\/M4, designet for gasssystemer med middels lengde. Dette tilbeh\u00f8ret kombinerer lett polymerkonstruksjon med modul\u00e6r fleksibilitet.<\/p>\n<ul>\n<li>M-LOK spor i posisjonene kl. 2, 6 og 10 for montering av tilbeh\u00f8r<\/li>\n<li>Forsterket, varmebestandig polymerkonstruksjon<\/li>\n<li>Kompatibel med direkte impingement og de fleste stempelstyrte gasssystemer<\/li>\n<li>Enkel installasjon med eksisterende deltaring og h\u00e5ndvernholder<\/li>\n<li>Integrert aluminium varmeskjold for \u00f8kt holdbarhet<\/li>\n<li>Frontforlengelser og nedre kant for beskyttelse<\/li>\n<\/ul>\n<p>H\u00e5ndvernet veier 246,6 gram og er 23,4 cm langt. Produsert i USA, det er et valg for brukere som s\u00f8ker en tilpassbar l\u00f8sning for deres AR-15\/M4 plattform.<\/p>\n<\/div>\n","protected":false},"excerpt":{"rendered":"<p>Lett, modul\u00e6r AR-15\/M4 h\u00e5ndvern med middels lengde og M-LOK-spor.<\/p>\n","protected":false},"featured_media":493093,"template":"","meta":{"_acf_changed":false},"product_brand":[11541],"product_cat":[13311,13260,13259],"product_tag":[],"class_list":{"0":"post-530114","1":"product","2":"type-product","3":"status-publish","4":"has-post-thumbnail","6":"product_brand-magpul","7":"product_cat-rifle","8":"product_cat-rifle-tuning","9":"product_cat-skinner","11":"first","12":"instock","13":"taxable","14":"shipping-taxable","15":"purchasable","16":"product-type-simple"},"acf":[],"_links":{"self":[{"href":"https:\/\/staging.nbg.eu\/no\/wp-json\/wp\/v2\/product\/530114","targetHints":{"allow":["GET"]}}],"collection":[{"href":"https:\/\/staging.nbg.eu\/no\/wp-json\/wp\/v2\/product"}],"about":[{"href":"https:\/\/staging.nbg.eu\/no\/wp-json\/wp\/v2\/types\/product"}],"wp:featuredmedia":[{"embeddable":true,"href":"https:\/\/staging.nbg.eu\/no\/wp-json\/wp\/v2\/media\/493093"}],"wp:attachment":[{"href":"https:\/\/staging.nbg.eu\/no\/wp-json\/wp\/v2\/media?parent=530114"}],"wp:term":[{"taxonomy":"product_brand","embeddable":true,"href":"https:\/\/staging.nbg.eu\/no\/wp-json\/wp\/v2\/product_brand?post=530114"},{"taxonomy":"product_cat","embeddable":true,"href":"https:\/\/staging.nbg.eu\/no\/wp-json\/wp\/v2\/product_cat?post=530114"},{"taxonomy":"product_tag","embeddable":true,"href":"https:\/\/staging.nbg.eu\/no\/wp-json\/wp\/v2\/product_tag?post=530114"}],"curies":[{"name":"wp","href":"https:\/\/api.w.org\/{rel}","templated":true}]}}