{"id":529968,"date":"2025-09-02T20:30:44","date_gmt":"2025-09-02T17:30:44","guid":{"rendered":"https:\/\/staging.nbg.eu\/product\/predna-drzhka-magpul-zhukov-za-ak-47-ak-74-lilava-mag586-plm\/"},"modified":"2025-09-26T15:05:17","modified_gmt":"2025-09-26T12:05:17","slug":"magpul-zhukov-fremre-grep-for-ak-47ak-74-lilla-mag586-plm","status":"publish","type":"product","link":"https:\/\/staging.nbg.eu\/no\/produkt\/magpul-zhukov-fremre-grep-for-ak-47ak-74-lilla-mag586-plm\/","title":{"rendered":"Magpul ZHUKOV Fremre Grep for AK-47\/AK-74 Lilla MAG586 PLM"},"content":{"rendered":"<div class=\"product-description\">\n<h2>Magpul ZHUKOV H\u00e5ndvern for AK-47\/AK-74 &#8211; Plomme (MAG586-PLM)<\/h2>\n<p>Magpul ZHUKOV h\u00e5ndvern for AK-47 eller AK-74 i plomme farge. Dette forlengede h\u00e5ndvernet gir en stor gripeflate for moderne skyteteknikker og flere festemuligheter for tilbeh\u00f8r.<\/p>\n<ul>\n<li>Kompatibel med de fleste AK-47\/AKM\/AK-74 rifler (l\u00f8psdiameter 16,75-18,25mm, lengde &gt;13&#8243;)<\/li>\n<li>Fullengde aluminiumschassis med hard anodisering for stabil montering og varmeskjolding<\/li>\n<li>Slitesterk polymer ytterdeksel med spor for M-LOK tilbeh\u00f8r<\/li>\n<li>Inkluderer erstatning polymer toppdeksel<\/li>\n<li>Kompatibel med UltiMAK optikk montering<\/li>\n<li>Lengde: 11,7 tommer<\/li>\n<\/ul>\n<p>Dette h\u00e5ndvernet er egnet for jakt og skyting.<\/p>\n<\/div>\n","protected":false},"excerpt":{"rendered":"<p>Forlenget Magpul ZHUKOV h\u00e5ndvern for AK-47\/AK-74, plommefarget, M-LOK-kompatibel.<\/p>\n","protected":false},"featured_media":0,"template":"","meta":{"_acf_changed":false},"product_brand":[],"product_cat":[],"product_tag":[],"class_list":{"0":"post-529968","1":"product","2":"type-product","3":"status-publish","6":"first","7":"instock","8":"taxable","9":"shipping-taxable","10":"purchasable","11":"product-type-simple"},"acf":[],"_links":{"self":[{"href":"https:\/\/staging.nbg.eu\/no\/wp-json\/wp\/v2\/product\/529968","targetHints":{"allow":["GET"]}}],"collection":[{"href":"https:\/\/staging.nbg.eu\/no\/wp-json\/wp\/v2\/product"}],"about":[{"href":"https:\/\/staging.nbg.eu\/no\/wp-json\/wp\/v2\/types\/product"}],"wp:attachment":[{"href":"https:\/\/staging.nbg.eu\/no\/wp-json\/wp\/v2\/media?parent=529968"}],"wp:term":[{"taxonomy":"product_brand","embeddable":true,"href":"https:\/\/staging.nbg.eu\/no\/wp-json\/wp\/v2\/product_brand?post=529968"},{"taxonomy":"product_cat","embeddable":true,"href":"https:\/\/staging.nbg.eu\/no\/wp-json\/wp\/v2\/product_cat?post=529968"},{"taxonomy":"product_tag","embeddable":true,"href":"https:\/\/staging.nbg.eu\/no\/wp-json\/wp\/v2\/product_tag?post=529968"}],"curies":[{"name":"wp","href":"https:\/\/api.w.org\/{rel}","templated":true}]}}