{"id":52940,"date":"2024-03-08T09:51:57","date_gmt":"2024-03-08T09:51:57","guid":{"rendered":"https:\/\/staging.nbg.eu\/product\/bronze-spiral-shotgun-brush\/"},"modified":"2024-09-13T12:45:15","modified_gmt":"2024-09-13T12:45:15","slug":"bronse-spiral-haglekost","status":"publish","type":"product","link":"https:\/\/staging.nbg.eu\/no\/produkt\/bronse-spiral-haglekost\/","title":{"rendered":"BRONSE SPIRAL HAGLEKOST"},"content":{"rendered":"<p>Bore Tech&#8217;s bronse spiralb\u00f8rste for hagle har snoede b\u00f8rsteh\u00e5r for effektiv rengj\u00f8ring uten \u00e5 skade v\u00e5penet. Laget av fosforbronse som er trygg for l\u00f8pet, fjerner den plastrester og varer lenger enn standard st\u00e5lb\u00f8rster. Tilgjengelig i kaliber 10 &#8211; .410, passer til standard 5\/16-27 gjengede stenger.<\/p>\n","protected":false},"excerpt":{"rendered":"<p>Innovativ spiralb\u00f8rste for grundig og sikker rensing av haglgev\u00e6rl\u00f8p.<\/p>\n","protected":false},"featured_media":52941,"template":"","meta":{"_acf_changed":false},"product_brand":[11166],"product_cat":[13319,13292],"product_tag":[],"class_list":{"0":"post-52940","1":"product","2":"type-product","3":"status-publish","4":"has-post-thumbnail","6":"product_brand-boretech","7":"product_cat-borster","8":"product_cat-vapenrengjoring","10":"first","11":"outofstock","12":"taxable","13":"shipping-taxable","14":"purchasable","15":"product-type-simple"},"acf":[],"_links":{"self":[{"href":"https:\/\/staging.nbg.eu\/no\/wp-json\/wp\/v2\/product\/52940","targetHints":{"allow":["GET"]}}],"collection":[{"href":"https:\/\/staging.nbg.eu\/no\/wp-json\/wp\/v2\/product"}],"about":[{"href":"https:\/\/staging.nbg.eu\/no\/wp-json\/wp\/v2\/types\/product"}],"wp:featuredmedia":[{"embeddable":true,"href":"https:\/\/staging.nbg.eu\/no\/wp-json\/wp\/v2\/media\/52941"}],"wp:attachment":[{"href":"https:\/\/staging.nbg.eu\/no\/wp-json\/wp\/v2\/media?parent=52940"}],"wp:term":[{"taxonomy":"product_brand","embeddable":true,"href":"https:\/\/staging.nbg.eu\/no\/wp-json\/wp\/v2\/product_brand?post=52940"},{"taxonomy":"product_cat","embeddable":true,"href":"https:\/\/staging.nbg.eu\/no\/wp-json\/wp\/v2\/product_cat?post=52940"},{"taxonomy":"product_tag","embeddable":true,"href":"https:\/\/staging.nbg.eu\/no\/wp-json\/wp\/v2\/product_tag?post=52940"}],"curies":[{"name":"wp","href":"https:\/\/api.w.org\/{rel}","templated":true}]}}