{"id":527023,"date":"2025-08-25T00:18:45","date_gmt":"2025-08-24T21:18:45","guid":{"rendered":"https:\/\/staging.nbg.eu\/product\/ftcs-enlarged-magazine-catch-with-shelf-ak-platform-no-16\/"},"modified":"2025-09-25T22:05:58","modified_gmt":"2025-09-25T19:05:58","slug":"ftcs-forstorret-magasinfangst-med-hylle-ak-plattform-nr16","status":"publish","type":"product","link":"https:\/\/staging.nbg.eu\/no\/produkt\/ftcs-forstorret-magasinfangst-med-hylle-ak-plattform-nr16\/","title":{"rendered":"FTCS &#8211; Forst\u00f8rret Magasinfangst Med Hylle &#8211; AK plattform &#8211; Nr.16"},"content":{"rendered":"<div class=\"product-description\">\n<h2>FTCS &#8211; Forst\u00f8rret magasinl\u00e5s med hylle &#8211; AK-plattform &#8211; Nr.16<\/h2>\n<p>Denne forst\u00f8rrede magasinl\u00e5sen har en hylle for rask frigj\u00f8ring av magasinet med pekefingeren. Den er laget av st\u00e5l og har en Graphite Black H-146 Cerakote-overflate.<\/p>\n<h2>Hovedfunksjoner:<\/h2>\n<ul>\n<li>Kompatibel med de fleste AK\/AKM\/AK-74-type v\u00e5pen<\/li>\n<li>St\u00e5lkonstruksjon<\/li>\n<li>Forst\u00f8rret design<\/li>\n<li>Ekstra hylle for frigj\u00f8ring av magasin med pekefinger<\/li>\n<\/ul>\n<h2>Tekniske spesifikasjoner:<\/h2>\n<ul>\n<li>Dimensjoner: 55 x 52 x 21 mm<\/li>\n<li>Vekt: 20 g<\/li>\n<li>Overflate: Cerakote Graphite Black H-146<\/li>\n<\/ul>\n<p>FTCS Forst\u00f8rret magasinl\u00e5s med hylle &#8211; Nr.16 for AK-plattform karbiner.<\/p>\n<\/div>\n","protected":false},"excerpt":{"rendered":"<p>AK-plattform forbedret magasinl\u00f8semekanisme med fingerhylle. St\u00e5l, svart.<\/p>\n","protected":false},"featured_media":481348,"template":"","meta":{"_acf_changed":false},"product_brand":[11327],"product_cat":[13245,13311,13260],"product_tag":[],"class_list":{"0":"post-527023","1":"product","2":"type-product","3":"status-publish","4":"has-post-thumbnail","6":"product_brand-ftcs","7":"product_cat-ak-tuning","8":"product_cat-rifle","9":"product_cat-rifle-tuning","11":"first","12":"instock","13":"taxable","14":"shipping-taxable","15":"purchasable","16":"product-type-simple"},"acf":[],"_links":{"self":[{"href":"https:\/\/staging.nbg.eu\/no\/wp-json\/wp\/v2\/product\/527023","targetHints":{"allow":["GET"]}}],"collection":[{"href":"https:\/\/staging.nbg.eu\/no\/wp-json\/wp\/v2\/product"}],"about":[{"href":"https:\/\/staging.nbg.eu\/no\/wp-json\/wp\/v2\/types\/product"}],"wp:featuredmedia":[{"embeddable":true,"href":"https:\/\/staging.nbg.eu\/no\/wp-json\/wp\/v2\/media\/481348"}],"wp:attachment":[{"href":"https:\/\/staging.nbg.eu\/no\/wp-json\/wp\/v2\/media?parent=527023"}],"wp:term":[{"taxonomy":"product_brand","embeddable":true,"href":"https:\/\/staging.nbg.eu\/no\/wp-json\/wp\/v2\/product_brand?post=527023"},{"taxonomy":"product_cat","embeddable":true,"href":"https:\/\/staging.nbg.eu\/no\/wp-json\/wp\/v2\/product_cat?post=527023"},{"taxonomy":"product_tag","embeddable":true,"href":"https:\/\/staging.nbg.eu\/no\/wp-json\/wp\/v2\/product_tag?post=527023"}],"curies":[{"name":"wp","href":"https:\/\/api.w.org\/{rel}","templated":true}]}}