{"id":52568,"date":"2024-03-12T18:05:32","date_gmt":"2024-09-13T11:33:22","guid":{"rendered":"https:\/\/staging.nbg.eu\/product\/bore-tech-x-count-patches-multiple-sizes\/"},"modified":"2024-09-13T11:34:35","modified_gmt":"2024-09-13T11:34:35","slug":"bore-tech-x-count-lapper-flere-storrelser","status":"publish","type":"product","link":"https:\/\/staging.nbg.eu\/no\/produkt\/bore-tech-x-count-lapper-flere-storrelser\/","title":{"rendered":"Bore Tech X-Count Lapper (Flere St\u00f8rrelser)"},"content":{"rendered":"<p>Bore Tech X-Count\u2122 Pussefiller: Egenskaper:<\/p>\n<ul>\n<li>100% bomullsflanell<\/li>\n<li>Dobbeltflosset, ikke-frynset materiale<\/li>\n<li>God rengj\u00f8ringsevne<\/li>\n<li>God l\u00f8semiddelabsorpsjon<\/li>\n<li>Produsert i USA<\/li>\n<li>Egnet for ulike v\u00e5pentyper og kalibere<\/li>\n<li>Kommer i gjenlukkbar emballasje med opphengsmulighet<\/li>\n<\/ul>\n","protected":false},"excerpt":{"rendered":"<p>Premium bomullsrengj\u00f8ringsservietter for v\u00e5pen, i ulike st\u00f8rrelser. Laget i USA.<\/p>\n","protected":false},"featured_media":52569,"template":"","meta":{"_acf_changed":false},"product_brand":[11166],"product_cat":[13292],"product_tag":[],"class_list":{"0":"post-52568","1":"product","2":"type-product","3":"status-publish","4":"has-post-thumbnail","6":"product_brand-boretech","7":"product_cat-vapenrengjoring","9":"first","10":"instock","11":"taxable","12":"shipping-taxable","13":"purchasable","14":"product-type-variable","15":"wvs-archive-product-wrapper"},"acf":[],"_links":{"self":[{"href":"https:\/\/staging.nbg.eu\/no\/wp-json\/wp\/v2\/product\/52568","targetHints":{"allow":["GET"]}}],"collection":[{"href":"https:\/\/staging.nbg.eu\/no\/wp-json\/wp\/v2\/product"}],"about":[{"href":"https:\/\/staging.nbg.eu\/no\/wp-json\/wp\/v2\/types\/product"}],"wp:featuredmedia":[{"embeddable":true,"href":"https:\/\/staging.nbg.eu\/no\/wp-json\/wp\/v2\/media\/52569"}],"wp:attachment":[{"href":"https:\/\/staging.nbg.eu\/no\/wp-json\/wp\/v2\/media?parent=52568"}],"wp:term":[{"taxonomy":"product_brand","embeddable":true,"href":"https:\/\/staging.nbg.eu\/no\/wp-json\/wp\/v2\/product_brand?post=52568"},{"taxonomy":"product_cat","embeddable":true,"href":"https:\/\/staging.nbg.eu\/no\/wp-json\/wp\/v2\/product_cat?post=52568"},{"taxonomy":"product_tag","embeddable":true,"href":"https:\/\/staging.nbg.eu\/no\/wp-json\/wp\/v2\/product_tag?post=52568"}],"curies":[{"name":"wp","href":"https:\/\/api.w.org\/{rel}","templated":true}]}}