{"id":51974,"date":"2024-03-12T19:14:59","date_gmt":"2024-09-13T11:27:30","guid":{"rendered":"https:\/\/staging.nbg.eu\/product\/bore-tech-cu2-copper-remover\/"},"modified":"2024-09-13T11:28:28","modified_gmt":"2024-09-13T11:28:28","slug":"bore-tech-cu2-kobberfjerner","status":"publish","type":"product","link":"https:\/\/staging.nbg.eu\/no\/produkt\/bore-tech-cu2-kobberfjerner\/","title":{"rendered":"Bore Tech CU+2 Kobberfjerner"},"content":{"rendered":"<div class=\"product-description\">\n<h2>Bore Tech CU+2 Kobberfjerner<\/h2>\n<p>CU+2 Kobberfjerner\u2122 er en patentert l\u00f8sning for fjerning av kobberavleiringer. Denne l\u00f8sningen fungerer bedre enn tradisjonelle petroleums-amoniakkbaserte l\u00f8semidler og tilbyr:<\/p>\n<ul>\n<li>100% sikker for l\u00f8pet og ammoniakkfri<\/li>\n<li>Luktfri og biologisk nedbrytbar<\/li>\n<li>Rask og fullstendig kobberuttrekking<\/li>\n<li>To-trinns prosess for rengj\u00f8ring<\/li>\n<li>Kortsiktig rustbeskyttelse<\/li>\n<\/ul>\n<p>Dette er en brukervennlig og ikke-farlig kobberfjerner for vedlikehold av skytev\u00e5pen.<\/p>\n<\/div>\n","protected":false},"excerpt":{"rendered":"<p>Patentert, ammoniakkfri kobberfjerner. Hurtigvirkende, l\u00f8pssikker og luktfri.<\/p>\n","protected":false},"featured_media":51975,"template":"","meta":{"_acf_changed":false},"product_brand":[11166],"product_cat":[13306,13292],"product_tag":[],"class_list":{"0":"post-51974","1":"product","2":"type-product","3":"status-publish","4":"has-post-thumbnail","6":"product_brand-boretech","7":"product_cat-rengjoringsmidler","8":"product_cat-vapenrengjoring","10":"first","11":"instock","12":"taxable","13":"shipping-taxable","14":"purchasable","15":"product-type-variable","16":"wvs-archive-product-wrapper"},"acf":[],"_links":{"self":[{"href":"https:\/\/staging.nbg.eu\/no\/wp-json\/wp\/v2\/product\/51974","targetHints":{"allow":["GET"]}}],"collection":[{"href":"https:\/\/staging.nbg.eu\/no\/wp-json\/wp\/v2\/product"}],"about":[{"href":"https:\/\/staging.nbg.eu\/no\/wp-json\/wp\/v2\/types\/product"}],"wp:featuredmedia":[{"embeddable":true,"href":"https:\/\/staging.nbg.eu\/no\/wp-json\/wp\/v2\/media\/51975"}],"wp:attachment":[{"href":"https:\/\/staging.nbg.eu\/no\/wp-json\/wp\/v2\/media?parent=51974"}],"wp:term":[{"taxonomy":"product_brand","embeddable":true,"href":"https:\/\/staging.nbg.eu\/no\/wp-json\/wp\/v2\/product_brand?post=51974"},{"taxonomy":"product_cat","embeddable":true,"href":"https:\/\/staging.nbg.eu\/no\/wp-json\/wp\/v2\/product_cat?post=51974"},{"taxonomy":"product_tag","embeddable":true,"href":"https:\/\/staging.nbg.eu\/no\/wp-json\/wp\/v2\/product_tag?post=51974"}],"curies":[{"name":"wp","href":"https:\/\/api.w.org\/{rel}","templated":true}]}}