{"id":51816,"date":"2024-03-13T05:48:23","date_gmt":"2024-03-13T05:48:23","guid":{"rendered":"https:\/\/staging.nbg.eu\/product\/bore-tech-c4-carbon-remover-4-oz\/"},"modified":"2024-09-13T10:07:54","modified_gmt":"2024-09-13T10:07:54","slug":"bore-tech-c4-karbonfjerner-4-oz","status":"publish","type":"product","link":"https:\/\/staging.nbg.eu\/no\/produkt\/bore-tech-c4-karbonfjerner-4-oz\/","title":{"rendered":"Bore Tech C4 Karbonfjerner &#8211; 4 Oz"},"content":{"rendered":"<div class=\"product-description\">\n<h2>Bore Tech C4 Karbonfjerner &#8211; 118 ml<\/h2>\n<p>Bore Tech C4 Karbonfjerner er en formel som fjerner karbonbelegg uten farlige stoffer, giftighet eller lukt som finnes i andre rengj\u00f8ringsmidler. Den er 100% sikker for l\u00f8p, ikke-farlig og ammoniakkfri. Den kan brukes p\u00e5 l\u00f8p, sluttstykker og annet.<\/p>\n<\/div>\n","protected":false},"excerpt":{"rendered":"<p>Kraftig, sikker karbonfjerner for skytev\u00e5pen. Rask og effektiv.<\/p>\n","protected":false},"featured_media":51817,"template":"","meta":{"_acf_changed":false},"product_brand":[11166],"product_cat":[13306,13292],"product_tag":[],"class_list":{"0":"post-51816","1":"product","2":"type-product","3":"status-publish","4":"has-post-thumbnail","6":"product_brand-boretech","7":"product_cat-rengjoringsmidler","8":"product_cat-vapenrengjoring","10":"first","11":"instock","12":"taxable","13":"shipping-taxable","14":"purchasable","15":"product-type-variable","16":"wvs-archive-product-wrapper"},"acf":[],"_links":{"self":[{"href":"https:\/\/staging.nbg.eu\/no\/wp-json\/wp\/v2\/product\/51816","targetHints":{"allow":["GET"]}}],"collection":[{"href":"https:\/\/staging.nbg.eu\/no\/wp-json\/wp\/v2\/product"}],"about":[{"href":"https:\/\/staging.nbg.eu\/no\/wp-json\/wp\/v2\/types\/product"}],"wp:featuredmedia":[{"embeddable":true,"href":"https:\/\/staging.nbg.eu\/no\/wp-json\/wp\/v2\/media\/51817"}],"wp:attachment":[{"href":"https:\/\/staging.nbg.eu\/no\/wp-json\/wp\/v2\/media?parent=51816"}],"wp:term":[{"taxonomy":"product_brand","embeddable":true,"href":"https:\/\/staging.nbg.eu\/no\/wp-json\/wp\/v2\/product_brand?post=51816"},{"taxonomy":"product_cat","embeddable":true,"href":"https:\/\/staging.nbg.eu\/no\/wp-json\/wp\/v2\/product_cat?post=51816"},{"taxonomy":"product_tag","embeddable":true,"href":"https:\/\/staging.nbg.eu\/no\/wp-json\/wp\/v2\/product_tag?post=51816"}],"curies":[{"name":"wp","href":"https:\/\/api.w.org\/{rel}","templated":true}]}}