{"id":51709,"date":"2024-03-14T09:15:35","date_gmt":"2024-09-13T10:05:10","guid":{"rendered":"https:\/\/staging.nbg.eu\/product\/boretech-nylon-chamber-brush-multiple-calibers\/"},"modified":"2024-09-13T10:06:04","modified_gmt":"2024-09-13T10:06:04","slug":"boretech-nylon-kammerborste-flere-kalibere","status":"publish","type":"product","link":"https:\/\/staging.nbg.eu\/no\/produkt\/boretech-nylon-kammerborste-flere-kalibere\/","title":{"rendered":"BoreTech Nylon Kammerb\u00f8rste (Flere Kalibere)"},"content":{"rendered":"<div class=\"product-description\">\n<h2>BoreTech Nylon Kammerb\u00f8rste (Flere Kalibere)<\/h2>\n<p>Bore Tech&#8217;s nylon kammerb\u00f8rster er sikre og effektive. Disse 100% kammersikre b\u00f8rstene har f\u00f8lgende egenskaper:<\/p>\n<ul>\n<li>Kompatible med hurtigvirkende kobberfjernende rengj\u00f8ringsmidler<\/li>\n<li>Ekstra skrubbeeffekt med riflete nylonb\u00f8rster<\/li>\n<li>Tilpassede b\u00f8rstediametre for hver kaliber<\/li>\n<li>Ikke-messing, dobbelttvunnet b\u00f8rstekjerne med l\u00f8kkeformet ende<\/li>\n<li>Aluminiumsnagler av flykvalitet for holdbarhet<\/li>\n<\/ul>\n<p>Fjern falske indikasjoner p\u00e5 kobberavleiringer og bl\u00e5 flekker forbundet med fosfor-bronse b\u00f8rster. Tilgjengelig i enkeltpakninger for .223\/5.56mm AR-15 og .308\/7.62mm AR-10.<\/p>\n<p>Velg Bore Tech for raskere og mer effektiv kammerrengj\u00f8ring uten \u00e5 kompromittere v\u00e5penets integritet.<\/p>\n<\/div>\n","protected":false},"excerpt":{"rendered":"<p>Sikker, slitesterk nylonkammerb\u00f8rste for effektiv rengj\u00f8ring av skytev\u00e5pen.<\/p>\n","protected":false},"featured_media":51710,"template":"","meta":{"_acf_changed":false},"product_brand":[11166],"product_cat":[13319,13292],"product_tag":[],"class_list":{"0":"post-51709","1":"product","2":"type-product","3":"status-publish","4":"has-post-thumbnail","6":"product_brand-boretech","7":"product_cat-borster","8":"product_cat-vapenrengjoring","9":"pa_model-ar-10-no","10":"pa_model-ar-15-no","12":"first","13":"instock","14":"taxable","15":"shipping-taxable","16":"purchasable","17":"product-type-variable","18":"wvs-archive-product-wrapper"},"acf":[],"_links":{"self":[{"href":"https:\/\/staging.nbg.eu\/no\/wp-json\/wp\/v2\/product\/51709","targetHints":{"allow":["GET"]}}],"collection":[{"href":"https:\/\/staging.nbg.eu\/no\/wp-json\/wp\/v2\/product"}],"about":[{"href":"https:\/\/staging.nbg.eu\/no\/wp-json\/wp\/v2\/types\/product"}],"wp:featuredmedia":[{"embeddable":true,"href":"https:\/\/staging.nbg.eu\/no\/wp-json\/wp\/v2\/media\/51710"}],"wp:attachment":[{"href":"https:\/\/staging.nbg.eu\/no\/wp-json\/wp\/v2\/media?parent=51709"}],"wp:term":[{"taxonomy":"product_brand","embeddable":true,"href":"https:\/\/staging.nbg.eu\/no\/wp-json\/wp\/v2\/product_brand?post=51709"},{"taxonomy":"product_cat","embeddable":true,"href":"https:\/\/staging.nbg.eu\/no\/wp-json\/wp\/v2\/product_cat?post=51709"},{"taxonomy":"product_tag","embeddable":true,"href":"https:\/\/staging.nbg.eu\/no\/wp-json\/wp\/v2\/product_tag?post=51709"}],"curies":[{"name":"wp","href":"https:\/\/api.w.org\/{rel}","templated":true}]}}