{"id":51558,"date":"2024-03-15T05:39:44","date_gmt":"2024-09-13T09:59:26","guid":{"rendered":"https:\/\/staging.nbg.eu\/product\/bore-tech-bullet-knock-out-set\/"},"modified":"2024-09-13T10:00:18","modified_gmt":"2024-09-13T10:00:18","slug":"bore-tech-bullet-knock-out-sett","status":"publish","type":"product","link":"https:\/\/staging.nbg.eu\/no\/produkt\/bore-tech-bullet-knock-out-sett\/","title":{"rendered":"Bore Tech Bullet Knock-out Sett"},"content":{"rendered":"<p><strong>Bore Tech Bullet Knock-out Set<\/strong> er et verkt\u00f8y for skyttere. Dette settet inkluderer 4 maskinerte messingtips, laget for \u00e5 fjerne fastkj\u00f8rte kuler eller hylser uten \u00e5 skade pussestangen. Det er kompatibelt med rifler og pistoler fra .17 til .50 kaliber.<\/p>\n","protected":false},"excerpt":{"rendered":"<p>Essensielt verkt\u00f8y for \u00e5 fjerne fastkj\u00f8rte kuler. 4 messingtupper, .17-.50 kaliber.<\/p>\n","protected":false},"featured_media":51559,"template":"","meta":{"_acf_changed":false},"product_brand":[11166],"product_cat":[13319,13292],"product_tag":[],"class_list":{"0":"post-51558","1":"product","2":"type-product","3":"status-publish","4":"has-post-thumbnail","6":"product_brand-boretech","7":"product_cat-borster","8":"product_cat-vapenrengjoring","10":"first","11":"instock","12":"taxable","13":"shipping-taxable","14":"purchasable","15":"product-type-simple"},"acf":[],"_links":{"self":[{"href":"https:\/\/staging.nbg.eu\/no\/wp-json\/wp\/v2\/product\/51558","targetHints":{"allow":["GET"]}}],"collection":[{"href":"https:\/\/staging.nbg.eu\/no\/wp-json\/wp\/v2\/product"}],"about":[{"href":"https:\/\/staging.nbg.eu\/no\/wp-json\/wp\/v2\/types\/product"}],"wp:featuredmedia":[{"embeddable":true,"href":"https:\/\/staging.nbg.eu\/no\/wp-json\/wp\/v2\/media\/51559"}],"wp:attachment":[{"href":"https:\/\/staging.nbg.eu\/no\/wp-json\/wp\/v2\/media?parent=51558"}],"wp:term":[{"taxonomy":"product_brand","embeddable":true,"href":"https:\/\/staging.nbg.eu\/no\/wp-json\/wp\/v2\/product_brand?post=51558"},{"taxonomy":"product_cat","embeddable":true,"href":"https:\/\/staging.nbg.eu\/no\/wp-json\/wp\/v2\/product_cat?post=51558"},{"taxonomy":"product_tag","embeddable":true,"href":"https:\/\/staging.nbg.eu\/no\/wp-json\/wp\/v2\/product_tag?post=51558"}],"curies":[{"name":"wp","href":"https:\/\/api.w.org\/{rel}","templated":true}]}}