{"id":51426,"date":"2024-03-15T07:11:12","date_gmt":"2024-09-13T09:53:23","guid":{"rendered":"https:\/\/staging.nbg.eu\/product\/bore-tech-shield-xp-rust-preventive\/"},"modified":"2024-09-13T09:54:20","modified_gmt":"2024-09-13T09:54:20","slug":"bore-tech-shield-xp-rustforebyggende","status":"publish","type":"product","link":"https:\/\/staging.nbg.eu\/no\/produkt\/bore-tech-shield-xp-rustforebyggende\/","title":{"rendered":"Bore Tech Shield XP Rustforebyggende"},"content":{"rendered":"<h2>Bore Tech Shield XP Rustbeskyttelse<\/h2>\n<p>Beskytt skytev\u00e5pnene dine med Bore Tech&#8217;s Shield XP Rustbeskyttelse, en formel som gir beskyttelse mot rust og korrosjon. Denne l\u00f8sningen trenger dypt inn, fortrenger fuktighet og n\u00f8ytraliserer korrosive stoffer, og etterlater en usynlig barriere som ikke tiltrekker seg rusk.<\/p>\n<ul>\n<li>Egnet for langtidslagring<\/li>\n<li>Trygg for alle metaller<\/li>\n<li>Best\u00e5r 500 timer i ASTM fuktighetstesting<\/li>\n<li>Kokoslukt<\/li>\n<li>Pumpespray flaske<\/li>\n<\/ul>\n<h3>Bruksanvisning:<\/h3>\n<ol>\n<li>T\u00f8m skytev\u00e5penet og avfett overflater<\/li>\n<li>Spray eller p\u00e5f\u00f8r Shield XP p\u00e5 metalloverflater<\/li>\n<li>Vent 15 minutter, p\u00e5f\u00f8r et andre lag om n\u00f8dvendig<\/li>\n<li>F\u00f8r bruk, kj\u00f8r en t\u00f8rr klut gjennom l\u00f8pet<\/li>\n<\/ol>\n<p>Shield XP: Beskyttelse mot rust og korrosjon for skytev\u00e5pnene dine.<\/p>\n","protected":false},"excerpt":{"rendered":"<p>Langvarig rustbeskyttelse for skytev\u00e5pen.<\/p>\n","protected":false},"featured_media":51372,"template":"","meta":{"_acf_changed":false},"product_brand":[11166],"product_cat":[13280,13292],"product_tag":[],"class_list":{"0":"post-51426","1":"product","2":"type-product","3":"status-publish","4":"has-post-thumbnail","6":"product_brand-boretech","7":"product_cat-smoremidler","8":"product_cat-vapenrengjoring","10":"first","11":"instock","12":"taxable","13":"shipping-taxable","14":"purchasable","15":"product-type-simple"},"acf":[],"_links":{"self":[{"href":"https:\/\/staging.nbg.eu\/no\/wp-json\/wp\/v2\/product\/51426","targetHints":{"allow":["GET"]}}],"collection":[{"href":"https:\/\/staging.nbg.eu\/no\/wp-json\/wp\/v2\/product"}],"about":[{"href":"https:\/\/staging.nbg.eu\/no\/wp-json\/wp\/v2\/types\/product"}],"wp:featuredmedia":[{"embeddable":true,"href":"https:\/\/staging.nbg.eu\/no\/wp-json\/wp\/v2\/media\/51372"}],"wp:attachment":[{"href":"https:\/\/staging.nbg.eu\/no\/wp-json\/wp\/v2\/media?parent=51426"}],"wp:term":[{"taxonomy":"product_brand","embeddable":true,"href":"https:\/\/staging.nbg.eu\/no\/wp-json\/wp\/v2\/product_brand?post=51426"},{"taxonomy":"product_cat","embeddable":true,"href":"https:\/\/staging.nbg.eu\/no\/wp-json\/wp\/v2\/product_cat?post=51426"},{"taxonomy":"product_tag","embeddable":true,"href":"https:\/\/staging.nbg.eu\/no\/wp-json\/wp\/v2\/product_tag?post=51426"}],"curies":[{"name":"wp","href":"https:\/\/api.w.org\/{rel}","templated":true}]}}