{"id":51371,"date":"2024-03-15T07:47:20","date_gmt":"2024-09-13T09:49:57","guid":{"rendered":"https:\/\/staging.nbg.eu\/product\/boretech-eliminator-4-oz\/"},"modified":"2024-09-13T09:50:57","modified_gmt":"2024-09-13T09:50:57","slug":"boretech-eliminator-4-oz","status":"publish","type":"product","link":"https:\/\/staging.nbg.eu\/no\/produkt\/boretech-eliminator-4-oz\/","title":{"rendered":"BoreTech Eliminator &#8211; 4 Oz"},"content":{"rendered":"<div class=\"product-description\">\n<h2>BoreTech Eliminator &#8211; 118 ml<\/h2>\n<p>BoreTech Eliminator\u2122 L\u00f8prenser er et patentert, hurtigvirkende og l\u00f8psikkert produkt. Hovedegenskaper inkluderer:<\/p>\n<ul>\n<li>100% l\u00f8psikker og biologisk nedbrytbar<\/li>\n<li>Ammoniakkfri og luktfri<\/li>\n<li>Fjerner karbon, kobber, bly og korrosive rester<\/li>\n<li>Ikke-farlig og brukervennlig<\/li>\n<\/ul>\n<p>Eliminators blanding av kjemiske overflateaktive stoffer l\u00f8sner karbonrester og oksiderer og suspenderer kobberforurensning. Dette hindrer gjenavsetning og sikrer grundig rengj\u00f8ring.<\/p>\n<h3>Bruksanvisning:<\/h3>\n<ol>\n<li>Fukt 3-4 filler med Eliminator og skyv gjennom l\u00f8pet i \u00e9n retning<\/li>\n<li>Gj\u00f8r 10-15 passeringer med en fuktig nylonb\u00f8rste<\/li>\n<li>Gjenta trinn 1 og la virke i 3-5 minutter<\/li>\n<li>Skyv t\u00f8rre filler gjennom til rent<\/li>\n<li>Gjenta om n\u00f8dvendig<\/li>\n<li>P\u00e5f\u00f8r Bore Tech Friction Guard XP v\u00e5penolje for oppbevaring<\/li>\n<li>Kj\u00f8r en t\u00f8rr fille f\u00f8r bruk<\/li>\n<\/ol>\n<p>Velg BoreTech Eliminator for effektiv rengj\u00f8ring og l\u00f8pbeskyttelse.<\/p>\n<\/div>\n","protected":false},"excerpt":{"rendered":"<p>BoreTech Eliminator: Sikker, kraftig l\u00f8psrenser. Fjerner avleiringer.<\/p>\n","protected":false},"featured_media":70983,"template":"","meta":{"_acf_changed":false},"product_brand":[11166],"product_cat":[13306,13292],"product_tag":[],"class_list":{"0":"post-51371","1":"product","2":"type-product","3":"status-publish","4":"has-post-thumbnail","6":"product_brand-boretech","7":"product_cat-rengjoringsmidler","8":"product_cat-vapenrengjoring","10":"first","11":"instock","12":"taxable","13":"shipping-taxable","14":"purchasable","15":"product-type-variable","16":"wvs-archive-product-wrapper"},"acf":[],"_links":{"self":[{"href":"https:\/\/staging.nbg.eu\/no\/wp-json\/wp\/v2\/product\/51371","targetHints":{"allow":["GET"]}}],"collection":[{"href":"https:\/\/staging.nbg.eu\/no\/wp-json\/wp\/v2\/product"}],"about":[{"href":"https:\/\/staging.nbg.eu\/no\/wp-json\/wp\/v2\/types\/product"}],"wp:featuredmedia":[{"embeddable":true,"href":"https:\/\/staging.nbg.eu\/no\/wp-json\/wp\/v2\/media\/70983"}],"wp:attachment":[{"href":"https:\/\/staging.nbg.eu\/no\/wp-json\/wp\/v2\/media?parent=51371"}],"wp:term":[{"taxonomy":"product_brand","embeddable":true,"href":"https:\/\/staging.nbg.eu\/no\/wp-json\/wp\/v2\/product_brand?post=51371"},{"taxonomy":"product_cat","embeddable":true,"href":"https:\/\/staging.nbg.eu\/no\/wp-json\/wp\/v2\/product_cat?post=51371"},{"taxonomy":"product_tag","embeddable":true,"href":"https:\/\/staging.nbg.eu\/no\/wp-json\/wp\/v2\/product_tag?post=51371"}],"curies":[{"name":"wp","href":"https:\/\/api.w.org\/{rel}","templated":true}]}}