{"id":51139,"date":"2024-03-16T18:40:45","date_gmt":"2024-09-13T09:25:22","guid":{"rendered":"https:\/\/staging.nbg.eu\/product\/bore-tech-bronze-stainless-chamber-brush\/"},"modified":"2024-09-13T09:26:17","modified_gmt":"2024-09-13T09:26:17","slug":"bore-tech-bronserustfritt-stal-kammerborste","status":"publish","type":"product","link":"https:\/\/staging.nbg.eu\/no\/produkt\/bore-tech-bronserustfritt-stal-kammerborste\/","title":{"rendered":"Bore Tech Bronse\/Rustfritt St\u00e5l Kammerb\u00f8rste"},"content":{"rendered":"<h2>Bore Tech Bronse\/Rustfritt St\u00e5l Kammerb\u00f8rste<\/h2>\n<p>Bore Tech&#8217;s Bronse\/Rustfritt St\u00e5l Kammerb\u00f8rster er sikre for kammeret. Disse b\u00f8rstene har en solid konstruksjon og tekniske egenskaper.<\/p>\n<ul>\n<li>Kombinasjon av stive bronse- og rustfrie st\u00e5lb\u00f8rster<\/li>\n<li>Dobbel skrubbeeffekt for rask og effektiv rengj\u00f8ring<\/li>\n<li>L\u00f8kkeformet dobbeltspunnet b\u00f8rstekjerne uten skarpe ender<\/li>\n<li>Aluminium av flykvalitet for holdbarhet<\/li>\n<li>Tilgjengelig for .223\/5.56mm AR-15 og .308\/7.62mm AR-10<\/li>\n<\/ul>\n<p>Bore Tech&#8217;s b\u00f8rster er designet for kammerrengj\u00f8ring.<\/p>\n<h3>Bruksanvisning:<\/h3>\n<ol>\n<li>Skru b\u00f8rsten p\u00e5 stangen<\/li>\n<li>Fukt b\u00f8rsten med rensemiddel (C4 Carbon Remover eller Eliminator Bore Cleaner anbefales)<\/li>\n<li>Sett inn i kammeret og roter 6-12 ganger<\/li>\n<li>P\u00e5f\u00f8r rensemiddel p\u00e5 nytt og fortsett \u00e5 b\u00f8rste etter behov<\/li>\n<li>T\u00f8rk kammeret rent med en lapp eller mopp<\/li>\n<li>Rengj\u00f8r b\u00f8rstene f\u00f8r oppbevaring<\/li>\n<\/ol>\n","protected":false},"excerpt":{"rendered":"<p>Effektiv dobbeltkammerb\u00f8rste med to b\u00f8rster for AR-15 og AR-10 rifler.<\/p>\n","protected":false},"featured_media":51140,"template":"","meta":{"_acf_changed":false},"product_brand":[11166],"product_cat":[13319,13292],"product_tag":[],"class_list":{"0":"post-51139","1":"product","2":"type-product","3":"status-publish","4":"has-post-thumbnail","6":"product_brand-boretech","7":"product_cat-borster","8":"product_cat-vapenrengjoring","9":"pa_model-ar-10-no","10":"pa_model-ar-15-no","12":"first","13":"instock","14":"taxable","15":"shipping-taxable","16":"purchasable","17":"product-type-variable","18":"wvs-archive-product-wrapper"},"acf":[],"_links":{"self":[{"href":"https:\/\/staging.nbg.eu\/no\/wp-json\/wp\/v2\/product\/51139","targetHints":{"allow":["GET"]}}],"collection":[{"href":"https:\/\/staging.nbg.eu\/no\/wp-json\/wp\/v2\/product"}],"about":[{"href":"https:\/\/staging.nbg.eu\/no\/wp-json\/wp\/v2\/types\/product"}],"wp:featuredmedia":[{"embeddable":true,"href":"https:\/\/staging.nbg.eu\/no\/wp-json\/wp\/v2\/media\/51140"}],"wp:attachment":[{"href":"https:\/\/staging.nbg.eu\/no\/wp-json\/wp\/v2\/media?parent=51139"}],"wp:term":[{"taxonomy":"product_brand","embeddable":true,"href":"https:\/\/staging.nbg.eu\/no\/wp-json\/wp\/v2\/product_brand?post=51139"},{"taxonomy":"product_cat","embeddable":true,"href":"https:\/\/staging.nbg.eu\/no\/wp-json\/wp\/v2\/product_cat?post=51139"},{"taxonomy":"product_tag","embeddable":true,"href":"https:\/\/staging.nbg.eu\/no\/wp-json\/wp\/v2\/product_tag?post=51139"}],"curies":[{"name":"wp","href":"https:\/\/api.w.org\/{rel}","templated":true}]}}