{"id":50433,"date":"2024-04-18T10:53:56","date_gmt":"2024-09-13T08:59:25","guid":{"rendered":"https:\/\/staging.nbg.eu\/product\/blue-force-gear-gmt-sling\/"},"modified":"2024-09-13T09:00:22","modified_gmt":"2024-09-13T09:00:22","slug":"blue-force-gear-gmt-baeresele","status":"publish","type":"product","link":"https:\/\/staging.nbg.eu\/no\/produkt\/blue-force-gear-gmt-baeresele\/","title":{"rendered":"Blue Force Gear GMT B\u00e6resele"},"content":{"rendered":"<h2>Blue Force Gear GMT Slynge<\/h2>\n<p>Blue Force Gear GMT Slynge. Denne designen adresserer mangler ved eldre haleslynger og tilbyr komfort og funksjonalitet.<\/p>\n<h2>Hovedfunksjoner:<\/h2>\n<ul>\n<li>Tilpasset dobbel l\u00e5sespenne laget av slitesterk, rustfri glassforsterket nylon<\/li>\n<li>CORDURA\u00ae nylonvev for komfort og redusert fasthekting<\/li>\n<li>Enkel justering: Dra i halen for \u00e5 stramme, grip den sf\u00e6riske utl\u00f8serknappen for \u00e5 l\u00f8sne<\/li>\n<li>Innsydd stopp i haleenden forhindrer utilsiktet v\u00e5penutl\u00f8sning<\/li>\n<\/ul>\n<h2>Spesifikasjoner:<\/h2>\n<ul>\n<li>Tilgjengelig i 1&#8243; og 1,25&#8243; vevbredder<\/li>\n<li>Kompatibel med forskjellige skytev\u00e5pen, fra ultralette rifler til hagler<\/li>\n<li>Lengde: 34&#8243; &#8211; 64&#8243;<\/li>\n<li>Maskinvare: Glassforsterket DuPont Zytel\u00ae Nylon<\/li>\n<\/ul>\n<p>GMT Slynge &#8211; den neste utviklingen i taktisk slyngedesign.<\/p>\n","protected":false},"excerpt":{"rendered":"<p>Innovativ taktisk slynge med rustfri justeringsmekanisme og komfortabel stropp.<\/p>\n","protected":false},"featured_media":50434,"template":"","meta":{"_acf_changed":false},"product_brand":[11136],"product_cat":[13274,13278],"product_tag":[],"class_list":{"0":"post-50433","1":"product","2":"type-product","3":"status-publish","4":"has-post-thumbnail","6":"product_brand-blue-force-gear","7":"product_cat-baereremmer","8":"product_cat-utstyr","10":"first","11":"instock","12":"taxable","13":"shipping-taxable","14":"purchasable","15":"product-type-variable","16":"wvs-archive-product-wrapper"},"acf":[],"_links":{"self":[{"href":"https:\/\/staging.nbg.eu\/no\/wp-json\/wp\/v2\/product\/50433","targetHints":{"allow":["GET"]}}],"collection":[{"href":"https:\/\/staging.nbg.eu\/no\/wp-json\/wp\/v2\/product"}],"about":[{"href":"https:\/\/staging.nbg.eu\/no\/wp-json\/wp\/v2\/types\/product"}],"wp:featuredmedia":[{"embeddable":true,"href":"https:\/\/staging.nbg.eu\/no\/wp-json\/wp\/v2\/media\/50434"}],"wp:attachment":[{"href":"https:\/\/staging.nbg.eu\/no\/wp-json\/wp\/v2\/media?parent=50433"}],"wp:term":[{"taxonomy":"product_brand","embeddable":true,"href":"https:\/\/staging.nbg.eu\/no\/wp-json\/wp\/v2\/product_brand?post=50433"},{"taxonomy":"product_cat","embeddable":true,"href":"https:\/\/staging.nbg.eu\/no\/wp-json\/wp\/v2\/product_cat?post=50433"},{"taxonomy":"product_tag","embeddable":true,"href":"https:\/\/staging.nbg.eu\/no\/wp-json\/wp\/v2\/product_tag?post=50433"}],"curies":[{"name":"wp","href":"https:\/\/api.w.org\/{rel}","templated":true}]}}