{"id":50173,"date":"2024-04-21T18:34:24","date_gmt":"2024-09-13T08:44:26","guid":{"rendered":"https:\/\/staging.nbg.eu\/product\/blue-force-gear-molded-uwl-black\/"},"modified":"2024-09-13T08:45:16","modified_gmt":"2024-09-13T08:45:16","slug":"blue-force-gear-stopt-uwl-svart","status":"publish","type":"product","link":"https:\/\/staging.nbg.eu\/no\/produkt\/blue-force-gear-stopt-uwl-svart\/","title":{"rendered":"Blue Force Gear St\u00f8pt UWL &#8211; Svart"},"content":{"rendered":"<div class=\"product-description\">\n<h2>Blue Force Gear St\u00f8pt UWL &#8211; Svart<\/h2>\n<p>Den st\u00f8pte universale wirel\u00f8kken (UWL) tilbyr allsidighet for \u00e5 feste remmer til ulike festepunkter p\u00e5 v\u00e5pen. Den er designet for remmer opptil 1,25&#8243; brede, inkludert Vickers-remmen, og er en lett l\u00f8sning egnet for \u00f8yehull, spor og skinnehull.<\/p>\n<h3>Hovedfunksjoner:<\/h3>\n<ul>\n<li>Nylonbelagt rustfritt st\u00e5lkabel av flykvalitet<\/li>\n<li>Slitesterk nylon 6-6 kropp<\/li>\n<li>2,55&#8243; wirel\u00f8kke fra base til topp<\/li>\n<li>1,25&#8243; reml\u00f8kke kompatibel med Vickers Combat Applications Slings\u2122<\/li>\n<li>Trykknappfeste for standard remsvivler<\/li>\n<li>Mil-spec kuleleddender presset direkte p\u00e5 wiren for \u00f8kt styrke<\/li>\n<\/ul>\n<p>Blue Force Gear St\u00f8pt UWL &#8211; Svart gir allsidighet for remfesting.<\/p>\n<\/div>\n","protected":false},"excerpt":{"rendered":"<p>Allsidig remb\u00f8yle for 3,18 cm (1,25&#8243;) remmer. Slitesterk, lett design.<\/p>\n","protected":false},"featured_media":50174,"template":"","meta":{"_acf_changed":false},"product_brand":[11136],"product_cat":[13274,13278],"product_tag":[],"class_list":{"0":"post-50173","1":"product","2":"type-product","3":"status-publish","4":"has-post-thumbnail","6":"product_brand-blue-force-gear","7":"product_cat-baereremmer","8":"product_cat-utstyr","10":"first","11":"instock","12":"taxable","13":"shipping-taxable","14":"purchasable","15":"product-type-simple"},"acf":[],"_links":{"self":[{"href":"https:\/\/staging.nbg.eu\/no\/wp-json\/wp\/v2\/product\/50173","targetHints":{"allow":["GET"]}}],"collection":[{"href":"https:\/\/staging.nbg.eu\/no\/wp-json\/wp\/v2\/product"}],"about":[{"href":"https:\/\/staging.nbg.eu\/no\/wp-json\/wp\/v2\/types\/product"}],"wp:featuredmedia":[{"embeddable":true,"href":"https:\/\/staging.nbg.eu\/no\/wp-json\/wp\/v2\/media\/50174"}],"wp:attachment":[{"href":"https:\/\/staging.nbg.eu\/no\/wp-json\/wp\/v2\/media?parent=50173"}],"wp:term":[{"taxonomy":"product_brand","embeddable":true,"href":"https:\/\/staging.nbg.eu\/no\/wp-json\/wp\/v2\/product_brand?post=50173"},{"taxonomy":"product_cat","embeddable":true,"href":"https:\/\/staging.nbg.eu\/no\/wp-json\/wp\/v2\/product_cat?post=50173"},{"taxonomy":"product_tag","embeddable":true,"href":"https:\/\/staging.nbg.eu\/no\/wp-json\/wp\/v2\/product_tag?post=50173"}],"curies":[{"name":"wp","href":"https:\/\/api.w.org\/{rel}","templated":true}]}}