{"id":49595,"date":"2024-07-29T13:10:43","date_gmt":"2024-09-12T16:17:29","guid":{"rendered":"https:\/\/staging.nbg.eu\/product\/cobra-buckle-conversion-kit\/"},"modified":"2024-09-12T16:18:24","modified_gmt":"2024-09-12T16:18:24","slug":"cobra-spenne-konverteringssett","status":"publish","type":"product","link":"https:\/\/staging.nbg.eu\/no\/produkt\/cobra-spenne-konverteringssett\/","title":{"rendered":"COBRA\u00ae Spenne Konverteringssett"},"content":{"rendered":"<div class=\"product-description\">\n<h2>COBRA\u00ae Spenne Konverteringssett for GRID\u2122 Belte<\/h2>\n<p>Oppgrader ditt GRID\u2122 Belte med v\u00e5rt COBRA\u00ae Spenne Konverteringssett, som inkluderer den patenterte COBRA\u00ae ProStyle spennen. Dette settet legger til hurtigutl\u00f8sningsfunksjon til beltet ditt.<\/p>\n<h3>Hovedfunksjoner:<\/h3>\n<ul>\n<li>Tilpasset stab-l\u00e5s for l\u00e5sing og forhindring av utilsiktet \u00e5pning<\/li>\n<li>Oppfyller ANSI og CSA standarder<\/li>\n<li>Sertifisert for saltt\u00e5ke og sandstorm<\/li>\n<li>Hurtigutl\u00f8sningsfunksjon<\/li>\n<\/ul>\n<p><strong>Merk:<\/strong> Dette oppgraderingssettet gir ikke belastningskapasitet til GRID Beltet. For belastningsvurderte alternativer, vennligst se v\u00e5rt CHLK Belte.<\/p>\n<\/div>\n","protected":false},"excerpt":{"rendered":"<p>COBRA\u00ae spennekitt: Hurtigutl\u00f8sningsoppgradering for GRID\u2122-belte. Sikkert, stilig.<\/p>\n","protected":false},"featured_media":49598,"template":"","meta":{"_acf_changed":false},"product_brand":[],"product_cat":[13297,13278],"product_tag":[],"class_list":{"0":"post-49595","1":"product","2":"type-product","3":"status-publish","4":"has-post-thumbnail","6":"product_cat-taktiske-belter","7":"product_cat-utstyr","9":"first","10":"instock","11":"taxable","12":"shipping-taxable","13":"purchasable","14":"product-type-variable","15":"wvs-archive-product-wrapper"},"acf":[],"_links":{"self":[{"href":"https:\/\/staging.nbg.eu\/no\/wp-json\/wp\/v2\/product\/49595","targetHints":{"allow":["GET"]}}],"collection":[{"href":"https:\/\/staging.nbg.eu\/no\/wp-json\/wp\/v2\/product"}],"about":[{"href":"https:\/\/staging.nbg.eu\/no\/wp-json\/wp\/v2\/types\/product"}],"wp:featuredmedia":[{"embeddable":true,"href":"https:\/\/staging.nbg.eu\/no\/wp-json\/wp\/v2\/media\/49598"}],"wp:attachment":[{"href":"https:\/\/staging.nbg.eu\/no\/wp-json\/wp\/v2\/media?parent=49595"}],"wp:term":[{"taxonomy":"product_brand","embeddable":true,"href":"https:\/\/staging.nbg.eu\/no\/wp-json\/wp\/v2\/product_brand?post=49595"},{"taxonomy":"product_cat","embeddable":true,"href":"https:\/\/staging.nbg.eu\/no\/wp-json\/wp\/v2\/product_cat?post=49595"},{"taxonomy":"product_tag","embeddable":true,"href":"https:\/\/staging.nbg.eu\/no\/wp-json\/wp\/v2\/product_tag?post=49595"}],"curies":[{"name":"wp","href":"https:\/\/api.w.org\/{rel}","templated":true}]}}