{"id":47787,"date":"2024-07-30T18:21:46","date_gmt":"2024-09-12T13:52:29","guid":{"rendered":"https:\/\/staging.nbg.eu\/product\/surefire-supressor-alighnment-rod\/"},"modified":"2024-09-12T13:53:21","modified_gmt":"2024-09-12T13:53:21","slug":"surefire-lyddemperjusteringsstang","status":"publish","type":"product","link":"https:\/\/staging.nbg.eu\/no\/produkt\/surefire-lyddemperjusteringsstang\/","title":{"rendered":"Surefire Lyddemperjusteringsstang"},"content":{"rendered":"<p style=\"text-align: center\"><span style=\"font-size: 170%\"><strong>SureFire L\u00f8psjusteringsstenger<\/strong><\/span><\/p>\n<p>SureFire L\u00f8psjusteringsstenger er verkt\u00f8y for \u00e5 sikre riktig konsentrisitet langs kulens bane ved bruk av lyddemper p\u00e5 en ny plattform. Stangen representerer kulens bane og vil vise eventuell feilinnretting. SureFire anbefaler \u00e5 verifisere innrettingen mellom l\u00f8p, adapter og lyddemper p\u00e5 nye oppsett eller tidligere ubrukte konfigurasjoner. Velg stangen som samsvarer med kaliberet p\u00e5 ditt gev\u00e6r eller karabin.<\/p>\n<p><span style=\"color: #282828\"><strong><span style=\"font-size: 150%\">EGENSKAPER:<\/span><\/strong><\/span><\/p>\n<p style=\"padding-left: 40px\"><span style=\"color: #282828\"><strong>\u2588 <\/strong><\/span>Produsert i USA<\/p>\n<p style=\"padding-left: 40px\"><span style=\"color: #282828\"><strong>\u2588 <\/strong><\/span>Varmebehandlet rustfritt st\u00e5l<\/p>\n<p style=\"padding-left: 40px\"><span style=\"color: #282828\"><strong>\u2588 <\/strong><\/span>For validering av oppsett f\u00f8r f\u00f8rste skudd<\/p>\n<p style=\"padding-left: 40px\"><span style=\"color: #282828\"><strong>\u2588 <\/strong><\/span>Presisjonsmaskinerte stenger for n\u00f8yaktig verifisering<\/p>\n<p style=\"padding-left: 40px\"><span style=\"color: #282828\"><strong>\u2588 <\/strong><\/span>Viser eventuelle avvik i innretting<\/p>\n<p style=\"padding-left: 40px\"><span style=\"color: #282828\"><strong>\u2588 <\/strong><\/span>SureFires godkjente metode for \u00e5 verifisere korrekt lyddemperjustering<\/p>\n<p style=\"padding-left: 40px\"><span style=\"color: #282828\"><strong>\u2588 <\/strong><\/span>Spesifikke kaliber-stenger for de mest popul\u00e6re alternativene<\/p>\n<p style=\"padding-left: 40px\"><span style=\"color: #282828\"><strong>\u2588 <\/strong><\/span>Lik avstand b\u00f8r observeres mellom lyddemperboring og sentrert stang<\/p>\n<p style=\"padding-left: 40px\"><span style=\"color: #282828\"><strong>\u2588 <\/strong><\/span>Sett stangen inn gjennom montert lyddemper p\u00e5 et uladd v\u00e5pen<\/p>\n<p style=\"padding-left: 40px\"><span style=\"color: #282828\"><strong>\u2588 <\/strong><\/span>Tilgjengelig for de fleste popul\u00e6re kalibere (5,56 mm, 6,5 mm, 6,8 mm, 7,62 mm, 9 mm, .338)<\/p>\n<table width=\"595\">\n<tbody>\n<tr>\n<td colspan=\"2\" width=\"595\"><span style=\"font-size: 150%;color: #282828\"><b>N\u00d8KKELATTRIBUTTER<\/b><\/span><\/td>\n<\/tr>\n<tr>\n<td width=\"198\"><b>KALIBER<\/b><\/td>\n<td width=\"397\">5,56 mm, 6,5 mm, 6,8 mm, 7,62 mm, 9 mm, .338 kal<\/td>\n<\/tr>\n<tr>\n<td width=\"198\"><b>KONSTRUKSJON<\/b><\/td>\n<td width=\"397\">Varmebehandlet rustfritt st\u00e5l<\/td>\n<\/tr>\n<\/tbody>\n<\/table>\n","protected":false},"excerpt":{"rendered":"<p><strong>SureFire Lyddemperjusteringsverkt\u00f8y<\/strong><\/p>\n","protected":false},"featured_media":47789,"template":"","meta":{"_acf_changed":false},"product_brand":[11875],"product_cat":[13246,13283,13314],"product_tag":[],"class_list":{"0":"post-47787","1":"product","2":"type-product","3":"status-publish","4":"has-post-thumbnail","6":"product_brand-surefire","7":"product_cat-lyddempere","8":"product_cat-lyddempetilbehor","9":"product_cat-verktoy","11":"first","12":"instock","13":"taxable","14":"shipping-taxable","15":"purchasable","16":"product-type-variable","17":"wvs-archive-product-wrapper"},"acf":[],"_links":{"self":[{"href":"https:\/\/staging.nbg.eu\/no\/wp-json\/wp\/v2\/product\/47787","targetHints":{"allow":["GET"]}}],"collection":[{"href":"https:\/\/staging.nbg.eu\/no\/wp-json\/wp\/v2\/product"}],"about":[{"href":"https:\/\/staging.nbg.eu\/no\/wp-json\/wp\/v2\/types\/product"}],"wp:featuredmedia":[{"embeddable":true,"href":"https:\/\/staging.nbg.eu\/no\/wp-json\/wp\/v2\/media\/47789"}],"wp:attachment":[{"href":"https:\/\/staging.nbg.eu\/no\/wp-json\/wp\/v2\/media?parent=47787"}],"wp:term":[{"taxonomy":"product_brand","embeddable":true,"href":"https:\/\/staging.nbg.eu\/no\/wp-json\/wp\/v2\/product_brand?post=47787"},{"taxonomy":"product_cat","embeddable":true,"href":"https:\/\/staging.nbg.eu\/no\/wp-json\/wp\/v2\/product_cat?post=47787"},{"taxonomy":"product_tag","embeddable":true,"href":"https:\/\/staging.nbg.eu\/no\/wp-json\/wp\/v2\/product_tag?post=47787"}],"curies":[{"name":"wp","href":"https:\/\/api.w.org\/{rel}","templated":true}]}}