{"id":47605,"date":"2024-07-30T18:46:42","date_gmt":"2024-09-12T13:45:10","guid":{"rendered":"https:\/\/staging.nbg.eu\/product\/surefire-dg-11-switch\/"},"modified":"2024-09-12T13:45:56","modified_gmt":"2024-09-12T13:45:56","slug":"surefire-dg-11-bryter","status":"publish","type":"product","link":"https:\/\/staging.nbg.eu\/no\/produkt\/surefire-dg-11-bryter\/","title":{"rendered":"SureFire DG-11 Bryter"},"content":{"rendered":"<div class=\"product-description\">\n<h2>SureFire DG-11 BRYTER<\/h2>\n<p>SureFire DG-11 BRYTER er designet for Glock Gen 3\/4\/5 pistoler med tilbeh\u00f8rsskinner. Denne gripebryteren tilbyr:<\/p>\n<ul>\n<li>Aktivering av v\u00e5penlys uten \u00e5 endre grepet<\/li>\n<li>Toveisbryter for midlertidig og konstant lys<\/li>\n<li>Sentermontert pad for presis kontroll<\/li>\n<li>Kompatibel med X-Serie v\u00e5penlys (unntatt XH50G)<\/li>\n<\/ul>\n<p>DG-11 lar brukere aktivere lyset med fingertrykk mens de opprettholder et fast grep p\u00e5 v\u00e5penet. Denne utformingen sikrer rask og presis lyskontroll i stressende situasjoner, og er et tilbeh\u00f8r for politiet, milit\u00e6rt personell og v\u00e5peneiere.<\/p>\n<\/div>\n","protected":false},"excerpt":{"rendered":"<p>Brytermontering p\u00e5 grepet for presis kontroll av v\u00e5penlys p\u00e5 Glock-pistoler.<\/p>\n","protected":false},"featured_media":47606,"template":"","meta":{"_acf_changed":false},"product_brand":[11875],"product_cat":[13302,13326,13295],"product_tag":[],"class_list":{"0":"post-47605","1":"product","2":"type-product","3":"status-publish","4":"has-post-thumbnail","6":"product_brand-surefire","7":"product_cat-lys","8":"product_cat-lystilbehor","9":"product_cat-pistollys","11":"first","12":"instock","13":"taxable","14":"shipping-taxable","15":"purchasable","16":"product-type-simple"},"acf":[],"_links":{"self":[{"href":"https:\/\/staging.nbg.eu\/no\/wp-json\/wp\/v2\/product\/47605","targetHints":{"allow":["GET"]}}],"collection":[{"href":"https:\/\/staging.nbg.eu\/no\/wp-json\/wp\/v2\/product"}],"about":[{"href":"https:\/\/staging.nbg.eu\/no\/wp-json\/wp\/v2\/types\/product"}],"wp:featuredmedia":[{"embeddable":true,"href":"https:\/\/staging.nbg.eu\/no\/wp-json\/wp\/v2\/media\/47606"}],"wp:attachment":[{"href":"https:\/\/staging.nbg.eu\/no\/wp-json\/wp\/v2\/media?parent=47605"}],"wp:term":[{"taxonomy":"product_brand","embeddable":true,"href":"https:\/\/staging.nbg.eu\/no\/wp-json\/wp\/v2\/product_brand?post=47605"},{"taxonomy":"product_cat","embeddable":true,"href":"https:\/\/staging.nbg.eu\/no\/wp-json\/wp\/v2\/product_cat?post=47605"},{"taxonomy":"product_tag","embeddable":true,"href":"https:\/\/staging.nbg.eu\/no\/wp-json\/wp\/v2\/product_tag?post=47605"}],"curies":[{"name":"wp","href":"https:\/\/api.w.org\/{rel}","templated":true}]}}