{"id":47475,"date":"2024-07-30T18:47:47","date_gmt":"2024-09-12T13:40:01","guid":{"rendered":"https:\/\/staging.nbg.eu\/product\/surefire-x400t-a-rd\/"},"modified":"2025-02-19T15:10:19","modified_gmt":"2025-02-19T15:10:19","slug":"surefire-x400t-a-rd","status":"publish","type":"product","link":"https:\/\/staging.nbg.eu\/no\/produkt\/surefire-x400t-a-rd\/","title":{"rendered":"SureFire X400T-A-RD"},"content":{"rendered":"<div class=\"product-description\">\n<h2>SureFire X400T-A-RD (R\u00f8d Laser) V\u00e5penlys<\/h2>\n<p>SureFire X400T-A-RD er et taktisk lys designet for profesjonelle.<br \/>\nMed en str\u00e5leintensitet p\u00e5 66 000 candela og 650 lumens lysstyrke,<br \/>\nleverer dette lyset:<\/p>\n<ul>\n<li>Integrert 5-milliwatt r\u00f8d laser for m\u00e5lsikting<\/li>\n<li>Turbo str\u00e5lingsm\u00f8nster for m\u00e5lidentifisering p\u00e5 lange avstander<\/li>\n<li>Festesystem for montering p\u00e5 Universal- og Picatinny-skinner<\/li>\n<li>Bryter for aktivering som kan brukes med begge hender<\/li>\n<li>Kompatibel med eksisterende X300U-A hylster<\/li>\n<li>Kropp laget av luftfartsaluminium med anodisert overflate<\/li>\n<li>IPX7 vanntett klassifisering (1 meter i 30 minutter)<\/li>\n<li>1,5 timers driftstid p\u00e5 to medf\u00f8lgende 123A litiumbatterier<\/li>\n<\/ul>\n<p>X400T-A-RD kombinerer hvitt lys og en r\u00f8d laser for \u00e5 hjelpe<br \/>\nmed identifisering av m\u00e5l p\u00e5 lange avstander. Med bryter som kan<br \/>\nbetjenes med \u00e9n finger og en robust kropp, gir dette v\u00e5penlyset<br \/>\nytelse og p\u00e5litelighet.<\/p>\n<\/div>\n","protected":false},"excerpt":{"rendered":"<p>SureFire X400T-A-RD: 650-lumen taktisk lys med r\u00f8d laser, skinnemontert.<\/p>\n","protected":false},"featured_media":47476,"template":"","meta":{"_acf_changed":false},"product_brand":[11875],"product_cat":[13302,13268,13295],"product_tag":[],"class_list":{"0":"post-47475","1":"product","2":"type-product","3":"status-publish","4":"has-post-thumbnail","6":"product_brand-surefire","7":"product_cat-lys","8":"product_cat-pistol","9":"product_cat-pistollys","11":"first","12":"instock","13":"taxable","14":"shipping-taxable","15":"purchasable","16":"product-type-simple"},"acf":[],"_links":{"self":[{"href":"https:\/\/staging.nbg.eu\/no\/wp-json\/wp\/v2\/product\/47475","targetHints":{"allow":["GET"]}}],"collection":[{"href":"https:\/\/staging.nbg.eu\/no\/wp-json\/wp\/v2\/product"}],"about":[{"href":"https:\/\/staging.nbg.eu\/no\/wp-json\/wp\/v2\/types\/product"}],"wp:featuredmedia":[{"embeddable":true,"href":"https:\/\/staging.nbg.eu\/no\/wp-json\/wp\/v2\/media\/47476"}],"wp:attachment":[{"href":"https:\/\/staging.nbg.eu\/no\/wp-json\/wp\/v2\/media?parent=47475"}],"wp:term":[{"taxonomy":"product_brand","embeddable":true,"href":"https:\/\/staging.nbg.eu\/no\/wp-json\/wp\/v2\/product_brand?post=47475"},{"taxonomy":"product_cat","embeddable":true,"href":"https:\/\/staging.nbg.eu\/no\/wp-json\/wp\/v2\/product_cat?post=47475"},{"taxonomy":"product_tag","embeddable":true,"href":"https:\/\/staging.nbg.eu\/no\/wp-json\/wp\/v2\/product_tag?post=47475"}],"curies":[{"name":"wp","href":"https:\/\/api.w.org\/{rel}","templated":true}]}}