{"id":47069,"date":"2024-07-30T19:06:10","date_gmt":"2024-09-12T12:56:12","guid":{"rendered":"https:\/\/staging.nbg.eu\/product\/iosso-ar-rifle-complete-cleaning-kit\/"},"modified":"2024-09-12T12:57:03","modified_gmt":"2024-09-12T12:57:03","slug":"iosso-ar-rifle-komplett-rengjoringssett","status":"publish","type":"product","link":"https:\/\/staging.nbg.eu\/no\/produkt\/iosso-ar-rifle-komplett-rengjoringssett\/","title":{"rendered":"Iosso AR Rifle Komplett Rengj\u00f8ringssett"},"content":{"rendered":"<div class=\"product-description\">\n<h2>Iosso AR Rifle Komplett Rengj\u00f8ringssett<\/h2>\n<p>Vedlikehold skytev\u00e5penet ditt med dette rengj\u00f8ringssettet. Innhold:<\/p>\n<ul>\n<li>6 tilpassede b\u00f8rster for rengj\u00f8ring<\/li>\n<li>Rengj\u00f8r \u00f8vre mottaker, kammer, sluttstykke, .223\/.30 kaliber, n\u00f8kkelr\u00f8r og gassr\u00f8r<\/li>\n<li>Gassr\u00f8rb\u00f8rste rengj\u00f8r uten demontering<\/li>\n<li>Inkluderer n\u00f8dvendige verkt\u00f8y, stang og tau<\/li>\n<li>Passer for pistoler, rifler og hagler<\/li>\n<li>B\u00e6reveske inkludert<\/li>\n<\/ul>\n<p>Bruk sammen med Iosso L\u00f8prenser og Trippelvirkende Olje for best resultat (selges separat).<\/p>\n<\/div>\n","protected":false},"excerpt":{"rendered":"<p>Omfattende rengj\u00f8ringssett for AR-rifle med 6 b\u00f8rster og essensielle verkt\u00f8y.<\/p>\n","protected":false},"featured_media":107642,"template":"","meta":{"_acf_changed":false},"product_brand":[11489],"product_cat":[13319,13257,13292],"product_tag":[],"class_list":{"0":"post-47069","1":"product","2":"type-product","3":"status-publish","4":"has-post-thumbnail","6":"product_brand-iosso","7":"product_cat-borster","8":"product_cat-rengjoringssett","9":"product_cat-vapenrengjoring","10":"pa_model-ar-308-no","11":"pa_model-ar-15-no","13":"first","14":"instock","15":"taxable","16":"shipping-taxable","17":"purchasable","18":"product-type-variable","19":"wvs-archive-product-wrapper"},"acf":[],"_links":{"self":[{"href":"https:\/\/staging.nbg.eu\/no\/wp-json\/wp\/v2\/product\/47069","targetHints":{"allow":["GET"]}}],"collection":[{"href":"https:\/\/staging.nbg.eu\/no\/wp-json\/wp\/v2\/product"}],"about":[{"href":"https:\/\/staging.nbg.eu\/no\/wp-json\/wp\/v2\/types\/product"}],"wp:featuredmedia":[{"embeddable":true,"href":"https:\/\/staging.nbg.eu\/no\/wp-json\/wp\/v2\/media\/107642"}],"wp:attachment":[{"href":"https:\/\/staging.nbg.eu\/no\/wp-json\/wp\/v2\/media?parent=47069"}],"wp:term":[{"taxonomy":"product_brand","embeddable":true,"href":"https:\/\/staging.nbg.eu\/no\/wp-json\/wp\/v2\/product_brand?post=47069"},{"taxonomy":"product_cat","embeddable":true,"href":"https:\/\/staging.nbg.eu\/no\/wp-json\/wp\/v2\/product_cat?post=47069"},{"taxonomy":"product_tag","embeddable":true,"href":"https:\/\/staging.nbg.eu\/no\/wp-json\/wp\/v2\/product_tag?post=47069"}],"curies":[{"name":"wp","href":"https:\/\/api.w.org\/{rel}","templated":true}]}}