{"id":46813,"date":"2024-07-30T19:41:53","date_gmt":"2024-09-12T12:04:38","guid":{"rendered":"https:\/\/staging.nbg.eu\/product\/iosso-pistol-brush\/"},"modified":"2024-09-12T12:06:01","modified_gmt":"2024-09-12T12:06:01","slug":"iosso-pistol-borste","status":"publish","type":"product","link":"https:\/\/staging.nbg.eu\/no\/produkt\/iosso-pistol-borste\/","title":{"rendered":"Iosso Pistol B\u00f8rste"},"content":{"rendered":"<p>\n<strong>Iosso Pistolb\u00f8rste<\/strong> er et rengj\u00f8ringsverkt\u00f8y for l\u00f8pet:<\/p>\n<ul>\n<li>Bl\u00e5 fibere for enkel identifikasjon<\/li>\n<li>Tykkere, stivere b\u00f8rster for frem-og-tilbake bevegelse<\/li>\n<li>8-10 ganger mer holdbar enn tradisjonelle b\u00f8rster<\/li>\n<li>Tett vevet med mer fiber per tomme<\/li>\n<li>Egnet for bruk med Iosso L\u00f8psrens og Trippelvirkende L\u00f8sning<\/li>\n<li>Fjerner alle typer avleiringer<\/li>\n<li>Reduserer rengj\u00f8ringstiden for et rent l\u00f8p<\/li>\n<\/ul>\n<p>Tilgjengelig i ulike v\u00e5penst\u00f8rrelser. Bl\u00e5 b\u00f8rster er et varemerke for Iosso Products.<\/p>\n","protected":false},"excerpt":{"rendered":"<p>Holdbar koboltbl\u00e5 pistolb\u00f8rste for effektiv og grundig pussing av l\u00f8pet.<\/p>\n","protected":false},"featured_media":107497,"template":"","meta":{"_acf_changed":false},"product_brand":[11489],"product_cat":[13319,13292],"product_tag":[],"class_list":{"0":"post-46813","1":"product","2":"type-product","3":"status-publish","4":"has-post-thumbnail","6":"product_brand-iosso","7":"product_cat-borster","8":"product_cat-vapenrengjoring","10":"first","11":"instock","12":"taxable","13":"shipping-taxable","14":"purchasable","15":"product-type-variable","16":"wvs-archive-product-wrapper"},"acf":[],"_links":{"self":[{"href":"https:\/\/staging.nbg.eu\/no\/wp-json\/wp\/v2\/product\/46813","targetHints":{"allow":["GET"]}}],"collection":[{"href":"https:\/\/staging.nbg.eu\/no\/wp-json\/wp\/v2\/product"}],"about":[{"href":"https:\/\/staging.nbg.eu\/no\/wp-json\/wp\/v2\/types\/product"}],"wp:featuredmedia":[{"embeddable":true,"href":"https:\/\/staging.nbg.eu\/no\/wp-json\/wp\/v2\/media\/107497"}],"wp:attachment":[{"href":"https:\/\/staging.nbg.eu\/no\/wp-json\/wp\/v2\/media?parent=46813"}],"wp:term":[{"taxonomy":"product_brand","embeddable":true,"href":"https:\/\/staging.nbg.eu\/no\/wp-json\/wp\/v2\/product_brand?post=46813"},{"taxonomy":"product_cat","embeddable":true,"href":"https:\/\/staging.nbg.eu\/no\/wp-json\/wp\/v2\/product_cat?post=46813"},{"taxonomy":"product_tag","embeddable":true,"href":"https:\/\/staging.nbg.eu\/no\/wp-json\/wp\/v2\/product_tag?post=46813"}],"curies":[{"name":"wp","href":"https:\/\/api.w.org\/{rel}","templated":true}]}}