{"id":46649,"date":"2024-07-30T19:46:24","date_gmt":"2024-09-11T16:04:28","guid":{"rendered":"https:\/\/staging.nbg.eu\/product\/iosso-rifle-brush\/"},"modified":"2024-09-11T16:06:21","modified_gmt":"2024-09-11T16:06:21","slug":"iosso-rifle-borste","status":"publish","type":"product","link":"https:\/\/staging.nbg.eu\/no\/produkt\/iosso-rifle-borste\/","title":{"rendered":"Iosso Rifle B\u00f8rste"},"content":{"rendered":"<p>\nKoboltbl\u00e5 rifleb\u00f8rste fra Iosso Products. Egenskaper:<\/p>\n<ul>\n<li>Tykkere, stivere fibrer for rengj\u00f8ring frem og tilbake<\/li>\n<li>Tett vevet med flere fibrer per tomme<\/li>\n<li>Kan brukes flere ganger<\/li>\n<li>Egnet for bruk med Iosso l\u00f8psrens<\/li>\n<li>Fjerner alle typer avleiringer<\/li>\n<li>Reduserer rengj\u00f8ringstiden<\/li>\n<\/ul>\n<p>Effektiv l\u00f8psrengj\u00f8ring.<\/p>\n","protected":false},"excerpt":{"rendered":"<p>Slitesterk koboltbl\u00e5 rifleb\u00f8rste for effektiv og langvarig rengj\u00f8ring av l\u00f8pet.<\/p>\n","protected":false},"featured_media":107428,"template":"","meta":{"_acf_changed":false},"product_brand":[11489],"product_cat":[13319,13292],"product_tag":[],"class_list":{"0":"post-46649","1":"product","2":"type-product","3":"status-publish","4":"has-post-thumbnail","6":"product_brand-iosso","7":"product_cat-borster","8":"product_cat-vapenrengjoring","10":"first","11":"instock","12":"taxable","13":"shipping-taxable","14":"purchasable","15":"product-type-variable","16":"wvs-archive-product-wrapper"},"acf":[],"_links":{"self":[{"href":"https:\/\/staging.nbg.eu\/no\/wp-json\/wp\/v2\/product\/46649","targetHints":{"allow":["GET"]}}],"collection":[{"href":"https:\/\/staging.nbg.eu\/no\/wp-json\/wp\/v2\/product"}],"about":[{"href":"https:\/\/staging.nbg.eu\/no\/wp-json\/wp\/v2\/types\/product"}],"wp:featuredmedia":[{"embeddable":true,"href":"https:\/\/staging.nbg.eu\/no\/wp-json\/wp\/v2\/media\/107428"}],"wp:attachment":[{"href":"https:\/\/staging.nbg.eu\/no\/wp-json\/wp\/v2\/media?parent=46649"}],"wp:term":[{"taxonomy":"product_brand","embeddable":true,"href":"https:\/\/staging.nbg.eu\/no\/wp-json\/wp\/v2\/product_brand?post=46649"},{"taxonomy":"product_cat","embeddable":true,"href":"https:\/\/staging.nbg.eu\/no\/wp-json\/wp\/v2\/product_cat?post=46649"},{"taxonomy":"product_tag","embeddable":true,"href":"https:\/\/staging.nbg.eu\/no\/wp-json\/wp\/v2\/product_tag?post=46649"}],"curies":[{"name":"wp","href":"https:\/\/api.w.org\/{rel}","templated":true}]}}