{"id":45332,"date":"2024-08-16T18:09:38","date_gmt":"2024-08-16T18:09:38","guid":{"rendered":"https:\/\/staging.nbg.eu\/product\/weather-dot\/"},"modified":"2024-10-16T09:42:33","modified_gmt":"2024-10-16T09:42:33","slug":"calypso-weather-dot","status":"publish","type":"product","link":"https:\/\/staging.nbg.eu\/no\/produkt\/calypso-weather-dot\/","title":{"rendered":"Calypso Weather DOT"},"content":{"rendered":"<div class=\"product-description\">\n<h2>WeatherDot: B\u00e6rbar v\u00e6rstasjon<\/h2>\n<p>Opplev presis v\u00e6roverv\u00e5king med WeatherDot, din kompakte og allsidige v\u00e6rstasjon. Med sensorer for temperatur, trykk og fuktighet, tilbyr denne lette enheten:<\/p>\n<ul>\n<li>Bluetooth-tilkobling<\/li>\n<li>Lagring av 24 000 datapunkter<\/li>\n<li>Kompatibilitet med stativfeste<\/li>\n<li>400 timers batterilevetid med tr\u00e5dl\u00f8s QI-lading<\/li>\n<li>Kompatibilitet med gratis Anemotracker-app (iOS\/Android)<\/li>\n<\/ul>\n<p>Perfekt for selvstendig bruk eller kombinert med v\u00e5r ultralydbaserte b\u00e6rbare mini-vindm\u00e5ler. Pakken inkluderer WeatherDot-enheten, tr\u00e5dl\u00f8s QI-lader med USB-kabel, og en hurtigbrukerveiledning.<\/p>\n<p>Hold deg informert om dine omgivelser med WeatherDot \u2013 din b\u00e6rbare v\u00e6rkompanjong!<\/p>\n<\/div>\n","protected":false},"excerpt":{"rendered":"<p>B\u00e6rbar v\u00e6rstasjon: temperatur, trykk, luftfuktighet. Bluetooth, app-kompatibel.<\/p>\n","protected":false},"featured_media":102247,"template":"","meta":{"_acf_changed":false},"product_brand":[11188],"product_cat":[13253,13314],"product_tag":[],"class_list":{"0":"post-45332","1":"product","2":"type-product","3":"status-publish","4":"has-post-thumbnail","6":"product_brand-calypso","7":"product_cat-vaermalere","8":"product_cat-verktoy","10":"first","11":"outofstock","12":"taxable","13":"shipping-taxable","14":"purchasable","15":"product-type-simple"},"acf":[],"_links":{"self":[{"href":"https:\/\/staging.nbg.eu\/no\/wp-json\/wp\/v2\/product\/45332","targetHints":{"allow":["GET"]}}],"collection":[{"href":"https:\/\/staging.nbg.eu\/no\/wp-json\/wp\/v2\/product"}],"about":[{"href":"https:\/\/staging.nbg.eu\/no\/wp-json\/wp\/v2\/types\/product"}],"wp:featuredmedia":[{"embeddable":true,"href":"https:\/\/staging.nbg.eu\/no\/wp-json\/wp\/v2\/media\/102247"}],"wp:attachment":[{"href":"https:\/\/staging.nbg.eu\/no\/wp-json\/wp\/v2\/media?parent=45332"}],"wp:term":[{"taxonomy":"product_brand","embeddable":true,"href":"https:\/\/staging.nbg.eu\/no\/wp-json\/wp\/v2\/product_brand?post=45332"},{"taxonomy":"product_cat","embeddable":true,"href":"https:\/\/staging.nbg.eu\/no\/wp-json\/wp\/v2\/product_cat?post=45332"},{"taxonomy":"product_tag","embeddable":true,"href":"https:\/\/staging.nbg.eu\/no\/wp-json\/wp\/v2\/product_tag?post=45332"}],"curies":[{"name":"wp","href":"https:\/\/api.w.org\/{rel}","templated":true}]}}