{"id":45181,"date":"2024-08-18T09:26:06","date_gmt":"2024-09-10T13:11:48","guid":{"rendered":"https:\/\/staging.nbg.eu\/product\/premium-belt-security-loop\/"},"modified":"2024-09-10T13:12:35","modified_gmt":"2024-09-10T13:12:35","slug":"premium-belte-sikkerhetslokke","status":"publish","type":"product","link":"https:\/\/staging.nbg.eu\/no\/produkt\/premium-belte-sikkerhetslokke\/","title":{"rendered":"Premium Belte Sikkerhetsl\u00f8kke"},"content":{"rendered":"<p>Sikre beltet ditt med DAA Premium Belt sikkerhetssl\u00f8yfe. Gummibelagt for komfort og grep, holder den beltet ditt p\u00e5 plass under intense skytesesjoner. Passer de fleste standard belter.<\/p>\n","protected":false},"excerpt":{"rendered":"<p>Sikker beltehempe: Gummibelagt grep, forhindrer forskyvning, passer til standard belter.<\/p>\n","protected":false},"featured_media":26103,"template":"","meta":{"_acf_changed":false},"product_brand":[],"product_cat":[13281,13278],"product_tag":[],"class_list":{"0":"post-45181","1":"product","2":"type-product","3":"status-publish","4":"has-post-thumbnail","6":"product_cat-sportbelter","7":"product_cat-utstyr","9":"first","10":"instock","11":"taxable","12":"shipping-taxable","13":"purchasable","14":"product-type-simple"},"acf":[],"_links":{"self":[{"href":"https:\/\/staging.nbg.eu\/no\/wp-json\/wp\/v2\/product\/45181","targetHints":{"allow":["GET"]}}],"collection":[{"href":"https:\/\/staging.nbg.eu\/no\/wp-json\/wp\/v2\/product"}],"about":[{"href":"https:\/\/staging.nbg.eu\/no\/wp-json\/wp\/v2\/types\/product"}],"wp:featuredmedia":[{"embeddable":true,"href":"https:\/\/staging.nbg.eu\/no\/wp-json\/wp\/v2\/media\/26103"}],"wp:attachment":[{"href":"https:\/\/staging.nbg.eu\/no\/wp-json\/wp\/v2\/media?parent=45181"}],"wp:term":[{"taxonomy":"product_brand","embeddable":true,"href":"https:\/\/staging.nbg.eu\/no\/wp-json\/wp\/v2\/product_brand?post=45181"},{"taxonomy":"product_cat","embeddable":true,"href":"https:\/\/staging.nbg.eu\/no\/wp-json\/wp\/v2\/product_cat?post=45181"},{"taxonomy":"product_tag","embeddable":true,"href":"https:\/\/staging.nbg.eu\/no\/wp-json\/wp\/v2\/product_tag?post=45181"}],"curies":[{"name":"wp","href":"https:\/\/api.w.org\/{rel}","templated":true}]}}