{"id":45137,"date":"2024-08-18T09:27:28","date_gmt":"2024-09-10T12:42:29","guid":{"rendered":"https:\/\/staging.nbg.eu\/product\/dillon-precision-daa-223-fast-flow-powder-funnel\/"},"modified":"2024-09-10T12:43:16","modified_gmt":"2024-09-10T12:43:16","slug":"dillon-precision-daa-223-fast-flow-krutt-trakt","status":"publish","type":"product","link":"https:\/\/staging.nbg.eu\/no\/produkt\/dillon-precision-daa-223-fast-flow-krutt-trakt\/","title":{"rendered":"Dillon Precision &#8211; Daa .223 Fast-Flow Krutt Trakt"},"content":{"rendered":"<div class=\"product-description\">\n<h2>Dillon Precision &#8211; DAA .223 Hurtigstr\u00f8mmende Pulvertrakt<\/h2>\n<p>Forbedre din .223 omladingsopplevelse med DAA .223 Hurtigstr\u00f8mmende Trakt. Designet i samarbeid med luftfartssystemingeni\u00f8r Andrew Murrell, CSEP, forbedrer denne trakten konsistensen i pulverstr\u00f8mmen og reduserer brobygging av stav- eller flakpulver.<\/p>\n<ul>\n<li>Maskinert av SUS303 rustfritt st\u00e5l<\/li>\n<li>Elektropolert speilfinish<\/li>\n<li>Utmerket rustmotstand og slitestyrke<\/li>\n<li>Unik intern traktform for bedre pulverstr\u00f8m<\/li>\n<li>Kompatibel med Dillon Pulverm\u00e5lere<\/li>\n<\/ul>\n<p>Opplev forskjellen med v\u00e5r presisjonsutviklede trakt, med stramme toleranser og en glassglatt finish for optimal ytelse og pulverstr\u00f8m.<\/p>\n<\/div>\n","protected":false},"excerpt":{"rendered":"<p>Str\u00f8mlinjeformet .223 krutttrakt for konsistent og brofri omlading.<\/p>\n","protected":false},"featured_media":26241,"template":"","meta":{"_acf_changed":false},"product_brand":[11273],"product_cat":[13307,13261],"product_tag":[],"class_list":{"0":"post-45137","1":"product","2":"type-product","3":"status-publish","4":"has-post-thumbnail","6":"product_brand-doublealpha","7":"product_cat-omlading","8":"product_cat-omlastingsutstyr","10":"first","11":"instock","12":"taxable","13":"shipping-taxable","14":"purchasable","15":"product-type-simple"},"acf":[],"_links":{"self":[{"href":"https:\/\/staging.nbg.eu\/no\/wp-json\/wp\/v2\/product\/45137","targetHints":{"allow":["GET"]}}],"collection":[{"href":"https:\/\/staging.nbg.eu\/no\/wp-json\/wp\/v2\/product"}],"about":[{"href":"https:\/\/staging.nbg.eu\/no\/wp-json\/wp\/v2\/types\/product"}],"wp:featuredmedia":[{"embeddable":true,"href":"https:\/\/staging.nbg.eu\/no\/wp-json\/wp\/v2\/media\/26241"}],"wp:attachment":[{"href":"https:\/\/staging.nbg.eu\/no\/wp-json\/wp\/v2\/media?parent=45137"}],"wp:term":[{"taxonomy":"product_brand","embeddable":true,"href":"https:\/\/staging.nbg.eu\/no\/wp-json\/wp\/v2\/product_brand?post=45137"},{"taxonomy":"product_cat","embeddable":true,"href":"https:\/\/staging.nbg.eu\/no\/wp-json\/wp\/v2\/product_cat?post=45137"},{"taxonomy":"product_tag","embeddable":true,"href":"https:\/\/staging.nbg.eu\/no\/wp-json\/wp\/v2\/product_tag?post=45137"}],"curies":[{"name":"wp","href":"https:\/\/api.w.org\/{rel}","templated":true}]}}