{"id":45093,"date":"2024-08-18T09:28:23","date_gmt":"2024-08-18T09:28:23","guid":{"rendered":"https:\/\/staging.nbg.eu\/product\/daa-reloading-press-tool-holder\/"},"modified":"2024-09-10T12:29:42","modified_gmt":"2024-09-10T12:29:42","slug":"daa-reloading-press-verktoyholder","status":"publish","type":"product","link":"https:\/\/staging.nbg.eu\/no\/produkt\/daa-reloading-press-verktoyholder\/","title":{"rendered":"Daa Reloading-Press Verkt\u00f8yholder"},"content":{"rendered":"<div class=\"product-description\">\n<h2>DAA Verkt\u00f8yholder for Ladepresse<\/h2>\n<p>Organiser ladeverkt\u00f8yene dine med denne praktiske holderen! Designet for Dillon RL1100\/1050\/750\/650 presser, monteres enkelt p\u00e5 1&#8243; firkantede eller runde r\u00f8r.<\/p>\n<ul>\n<li>Slitesterk konstruksjon av glassfiber-forsterket nylon<\/li>\n<li>Gummimaling for attraktiv finish<\/li>\n<li>Holder 7 sekskantn\u00f8kler, en matriseskrun\u00f8kkel, og 3 ekstra verkt\u00f8y<\/li>\n<li>Stor lomme for oppbevaring av sm\u00e5delerg<\/li>\n<li>Innebygd magnet for \u00e5 holde metallgjenstander<\/li>\n<\/ul>\n<p>Forbedre ladeoppsettet ditt med denne allsidige verkt\u00f8yholderen! (Verkt\u00f8y ikke inkludert)<\/p>\n<\/div>\n","protected":false},"excerpt":{"rendered":"<p>Allsidig pressemontert holder for ladeverkt\u00f8y og -deler.<\/p>\n","protected":false},"featured_media":26576,"template":"","meta":{"_acf_changed":false},"product_brand":[11273],"product_cat":[13307,13261],"product_tag":[],"class_list":{"0":"post-45093","1":"product","2":"type-product","3":"status-publish","4":"has-post-thumbnail","6":"product_brand-doublealpha","7":"product_cat-omlading","8":"product_cat-omlastingsutstyr","10":"first","11":"outofstock","12":"taxable","13":"shipping-taxable","14":"purchasable","15":"product-type-simple"},"acf":[],"_links":{"self":[{"href":"https:\/\/staging.nbg.eu\/no\/wp-json\/wp\/v2\/product\/45093","targetHints":{"allow":["GET"]}}],"collection":[{"href":"https:\/\/staging.nbg.eu\/no\/wp-json\/wp\/v2\/product"}],"about":[{"href":"https:\/\/staging.nbg.eu\/no\/wp-json\/wp\/v2\/types\/product"}],"wp:featuredmedia":[{"embeddable":true,"href":"https:\/\/staging.nbg.eu\/no\/wp-json\/wp\/v2\/media\/26576"}],"wp:attachment":[{"href":"https:\/\/staging.nbg.eu\/no\/wp-json\/wp\/v2\/media?parent=45093"}],"wp:term":[{"taxonomy":"product_brand","embeddable":true,"href":"https:\/\/staging.nbg.eu\/no\/wp-json\/wp\/v2\/product_brand?post=45093"},{"taxonomy":"product_cat","embeddable":true,"href":"https:\/\/staging.nbg.eu\/no\/wp-json\/wp\/v2\/product_cat?post=45093"},{"taxonomy":"product_tag","embeddable":true,"href":"https:\/\/staging.nbg.eu\/no\/wp-json\/wp\/v2\/product_tag?post=45093"}],"curies":[{"name":"wp","href":"https:\/\/api.w.org\/{rel}","templated":true}]}}