{"id":45071,"date":"2024-08-18T09:28:37","date_gmt":"2024-08-18T09:28:37","guid":{"rendered":"https:\/\/staging.nbg.eu\/product\/lynx-belt-steel-mini-punch-tool\/"},"modified":"2024-09-10T12:26:04","modified_gmt":"2024-09-10T12:26:04","slug":"lynx-belte-stal-mini-punch-verktoy","status":"publish","type":"product","link":"https:\/\/staging.nbg.eu\/no\/produkt\/lynx-belte-stal-mini-punch-verktoy\/","title":{"rendered":"Lynx Belte: St\u00e5l Mini Punch Verkt\u00f8y"},"content":{"rendered":"<p>Lynx Belt: St\u00e5l Mini Punch-verkt\u00f8y er et kompakt, spesiallaget st\u00e5lpunchverkt\u00f8y designet for rask og enkel fjerning av rullestifter. Perfekt for justering av beltekoblinger, dette lette verkt\u00f8yet m\u00e5ler 70 mm i lengde med en hodediameter p\u00e5 6 mm og en skaftdiameter p\u00e5 2,5 mm. Ideelt for verkt\u00f8ysettet i skytevesken din.<\/p>\n","protected":false},"excerpt":{"rendered":"<p>Kompakt st\u00e5lhulleverkt\u00f8y for raske og enkle justeringer av belteledd.<\/p>\n","protected":false},"featured_media":26714,"template":"","meta":{"_acf_changed":false},"product_brand":[],"product_cat":[13281,13278],"product_tag":[],"class_list":{"0":"post-45071","1":"product","2":"type-product","3":"status-publish","4":"has-post-thumbnail","6":"product_cat-sportbelter","7":"product_cat-utstyr","9":"first","10":"instock","11":"taxable","12":"shipping-taxable","13":"purchasable","14":"product-type-simple"},"acf":[],"_links":{"self":[{"href":"https:\/\/staging.nbg.eu\/no\/wp-json\/wp\/v2\/product\/45071","targetHints":{"allow":["GET"]}}],"collection":[{"href":"https:\/\/staging.nbg.eu\/no\/wp-json\/wp\/v2\/product"}],"about":[{"href":"https:\/\/staging.nbg.eu\/no\/wp-json\/wp\/v2\/types\/product"}],"wp:featuredmedia":[{"embeddable":true,"href":"https:\/\/staging.nbg.eu\/no\/wp-json\/wp\/v2\/media\/26714"}],"wp:attachment":[{"href":"https:\/\/staging.nbg.eu\/no\/wp-json\/wp\/v2\/media?parent=45071"}],"wp:term":[{"taxonomy":"product_brand","embeddable":true,"href":"https:\/\/staging.nbg.eu\/no\/wp-json\/wp\/v2\/product_brand?post=45071"},{"taxonomy":"product_cat","embeddable":true,"href":"https:\/\/staging.nbg.eu\/no\/wp-json\/wp\/v2\/product_cat?post=45071"},{"taxonomy":"product_tag","embeddable":true,"href":"https:\/\/staging.nbg.eu\/no\/wp-json\/wp\/v2\/product_tag?post=45071"}],"curies":[{"name":"wp","href":"https:\/\/api.w.org\/{rel}","templated":true}]}}