{"id":45049,"date":"2024-08-18T09:29:43","date_gmt":"2024-08-18T09:29:43","guid":{"rendered":"https:\/\/staging.nbg.eu\/product\/daa-primer-tube-cap-5-pack\/"},"modified":"2024-09-10T12:24:06","modified_gmt":"2024-09-10T12:24:06","slug":"daa-primer-tube-hette-5-pakning","status":"publish","type":"product","link":"https:\/\/staging.nbg.eu\/no\/produkt\/daa-primer-tube-hette-5-pakning\/","title":{"rendered":"Daa Primer-Tube Hette, 5-Pakning"},"content":{"rendered":"<p>\n<strong>DAA Tennhettebeholder-lokk, 5-pakk<\/strong><br \/>\nSpesiallagede silikonlokk for 8mm tennhettebeholdere. Forhindrer s\u00f8l ved bruk av hurtigfyllingsenheter. Enkle \u00e5 bruke: skyv p\u00e5, legg flatt. Ikke mer tennhettes\u00f8l!<\/p>\n<ul>\n<li>Passer til de fleste ladeapparatbeholdere<\/li>\n<li>Kompatibel med DAA Primer-Pro og andre fyllere<\/li>\n<li>Farge: R\u00f8d<\/li>\n<li>Pakke med 5<\/li>\n<\/ul>\n<p>Sikre tennhettene dine med disse praktiske lokkene!<\/p>\n","protected":false},"excerpt":{"rendered":"<p>Sikre 8 mm primerr\u00f8r med enkle, s\u00f8lesikre silikonhetter.<\/p>\n","protected":false},"featured_media":26737,"template":"","meta":{"_acf_changed":false},"product_brand":[11273],"product_cat":[13307,13261],"product_tag":[],"class_list":{"0":"post-45049","1":"product","2":"type-product","3":"status-publish","4":"has-post-thumbnail","6":"product_brand-doublealpha","7":"product_cat-omlading","8":"product_cat-omlastingsutstyr","10":"first","11":"outofstock","12":"taxable","13":"shipping-taxable","14":"purchasable","15":"product-type-simple"},"acf":[],"_links":{"self":[{"href":"https:\/\/staging.nbg.eu\/no\/wp-json\/wp\/v2\/product\/45049","targetHints":{"allow":["GET"]}}],"collection":[{"href":"https:\/\/staging.nbg.eu\/no\/wp-json\/wp\/v2\/product"}],"about":[{"href":"https:\/\/staging.nbg.eu\/no\/wp-json\/wp\/v2\/types\/product"}],"wp:featuredmedia":[{"embeddable":true,"href":"https:\/\/staging.nbg.eu\/no\/wp-json\/wp\/v2\/media\/26737"}],"wp:attachment":[{"href":"https:\/\/staging.nbg.eu\/no\/wp-json\/wp\/v2\/media?parent=45049"}],"wp:term":[{"taxonomy":"product_brand","embeddable":true,"href":"https:\/\/staging.nbg.eu\/no\/wp-json\/wp\/v2\/product_brand?post=45049"},{"taxonomy":"product_cat","embeddable":true,"href":"https:\/\/staging.nbg.eu\/no\/wp-json\/wp\/v2\/product_cat?post=45049"},{"taxonomy":"product_tag","embeddable":true,"href":"https:\/\/staging.nbg.eu\/no\/wp-json\/wp\/v2\/product_tag?post=45049"}],"curies":[{"name":"wp","href":"https:\/\/api.w.org\/{rel}","templated":true}]}}