{"id":45005,"date":"2024-08-18T09:30:21","date_gmt":"2024-08-18T09:30:21","guid":{"rendered":"https:\/\/staging.nbg.eu\/product\/lynx-belt-ratchet-buckle\/"},"modified":"2024-09-10T12:03:14","modified_gmt":"2024-09-10T12:03:14","slug":"lynx-belte-ratchet-spenne","status":"publish","type":"product","link":"https:\/\/staging.nbg.eu\/no\/produkt\/lynx-belte-ratchet-spenne\/","title":{"rendered":"Lynx Belte Ratchet Spenne"},"content":{"rendered":"<div class=\"product-description\">\n<h2>DAA Lynx Belte Skrallespenne<\/h2>\n<p>Oppgrader skyteutstyret ditt med DAA Lynx Belte Skrallespenne-systemet. Denne innovative spennen tilbyr:<\/p>\n<ul>\n<li>St\u00f8rre lengdejusterbarhet for enkel tilpasning til kl\u00e6r<\/li>\n<li>Rask l\u00f8sning og stramming mellom etapper<\/li>\n<li>Slitesterk konstruksjon i st\u00e5l og aluminium<\/li>\n<li>23mm bred gummistropp med 16cm justeringsomr\u00e5de<\/li>\n<li>To forh\u00e5ndsborede svarte lenker med gjengede st\u00e5linnlegg<\/li>\n<\/ul>\n<p>Anbefalt plassering: foran, mellom hylster og f\u00f8rste lomme. Stroppen kan forkortes og spennens retning kan reverseres om \u00f8nskelig. Forbedre skyteopplevelsen din med \u00f8kt komfort og bekvemmelighet!<\/p>\n<\/div>\n","protected":false},"excerpt":{"rendered":"<p>Skrallespenne for enkel beltejustering og rask stramming.<\/p>\n","protected":false},"featured_media":26875,"template":"","meta":{"_acf_changed":false},"product_brand":[],"product_cat":[13281,13278],"product_tag":[],"class_list":{"0":"post-45005","1":"product","2":"type-product","3":"status-publish","4":"has-post-thumbnail","6":"product_cat-sportbelter","7":"product_cat-utstyr","9":"first","10":"instock","11":"taxable","12":"shipping-taxable","13":"purchasable","14":"product-type-simple"},"acf":[],"_links":{"self":[{"href":"https:\/\/staging.nbg.eu\/no\/wp-json\/wp\/v2\/product\/45005","targetHints":{"allow":["GET"]}}],"collection":[{"href":"https:\/\/staging.nbg.eu\/no\/wp-json\/wp\/v2\/product"}],"about":[{"href":"https:\/\/staging.nbg.eu\/no\/wp-json\/wp\/v2\/types\/product"}],"wp:featuredmedia":[{"embeddable":true,"href":"https:\/\/staging.nbg.eu\/no\/wp-json\/wp\/v2\/media\/26875"}],"wp:attachment":[{"href":"https:\/\/staging.nbg.eu\/no\/wp-json\/wp\/v2\/media?parent=45005"}],"wp:term":[{"taxonomy":"product_brand","embeddable":true,"href":"https:\/\/staging.nbg.eu\/no\/wp-json\/wp\/v2\/product_brand?post=45005"},{"taxonomy":"product_cat","embeddable":true,"href":"https:\/\/staging.nbg.eu\/no\/wp-json\/wp\/v2\/product_cat?post=45005"},{"taxonomy":"product_tag","embeddable":true,"href":"https:\/\/staging.nbg.eu\/no\/wp-json\/wp\/v2\/product_tag?post=45005"}],"curies":[{"name":"wp","href":"https:\/\/api.w.org\/{rel}","templated":true}]}}