{"id":44983,"date":"2024-08-18T09:31:04","date_gmt":"2024-08-18T09:31:04","guid":{"rendered":"https:\/\/staging.nbg.eu\/product\/daa-1-die-box-end-wrench\/"},"modified":"2024-09-10T11:56:43","modified_gmt":"2024-09-10T11:56:43","slug":"daa-1-die-ringmokkelnokkel","status":"publish","type":"product","link":"https:\/\/staging.nbg.eu\/no\/produkt\/daa-1-die-ringmokkelnokkel\/","title":{"rendered":"Daa 1&#8243; Die, Ringm\u00f8kkeln\u00f8kkel"},"content":{"rendered":"<div class=\"product-description\">\n<h2>DAA 1&#8243; Spesialn\u00f8kkel for Ladeverkt\u00f8y<\/h2>\n<p>Den ultimate l\u00f8sningen for ladere som sliter med justering av verkt\u00f8y p\u00e5 trange verkt\u00f8yhoder. Denne spesiallagde, lasersk\u00e5rne n\u00f8kkelen i rustfritt st\u00e5l har f\u00f8lgende egenskaper:<\/p>\n<ul>\n<li>Tynnvegget design for enkel tilgang mellom verkt\u00f8y<\/li>\n<li>Flere kjever for optimal posisjonering<\/li>\n<li>Slitesterk konstruksjon for livstidsbruk<\/li>\n<li>Presisjonsutviklet for 1&#8243; muttere<\/li>\n<\/ul>\n<p>Oppgrader ditt ladeutstyr med dette essensielle verkt\u00f8yet, designet for \u00e5 gj\u00f8re verkt\u00f8yjusteringer raske og enkle. Kompatibel med standard 1&#8243; verkt\u00f8ymuttere, noe som sikrer maksimal allsidighet og brukervennlighet.<\/p>\n<\/div>\n","protected":false},"excerpt":{"rendered":"<p>DAA 1&#8243; verkt\u00f8yn\u00f8kkel for ladeverkt\u00f8y: Tynn, sterk, allsidig. Enkel tilgang for omlastere.<\/p>\n","protected":false},"featured_media":27013,"template":"","meta":{"_acf_changed":false},"product_brand":[11273],"product_cat":[13307,13261],"product_tag":[],"class_list":{"0":"post-44983","1":"product","2":"type-product","3":"status-publish","4":"has-post-thumbnail","6":"product_brand-doublealpha","7":"product_cat-omlading","8":"product_cat-omlastingsutstyr","10":"first","11":"outofstock","12":"taxable","13":"shipping-taxable","14":"purchasable","15":"product-type-simple"},"acf":[],"_links":{"self":[{"href":"https:\/\/staging.nbg.eu\/no\/wp-json\/wp\/v2\/product\/44983","targetHints":{"allow":["GET"]}}],"collection":[{"href":"https:\/\/staging.nbg.eu\/no\/wp-json\/wp\/v2\/product"}],"about":[{"href":"https:\/\/staging.nbg.eu\/no\/wp-json\/wp\/v2\/types\/product"}],"wp:featuredmedia":[{"embeddable":true,"href":"https:\/\/staging.nbg.eu\/no\/wp-json\/wp\/v2\/media\/27013"}],"wp:attachment":[{"href":"https:\/\/staging.nbg.eu\/no\/wp-json\/wp\/v2\/media?parent=44983"}],"wp:term":[{"taxonomy":"product_brand","embeddable":true,"href":"https:\/\/staging.nbg.eu\/no\/wp-json\/wp\/v2\/product_brand?post=44983"},{"taxonomy":"product_cat","embeddable":true,"href":"https:\/\/staging.nbg.eu\/no\/wp-json\/wp\/v2\/product_cat?post=44983"},{"taxonomy":"product_tag","embeddable":true,"href":"https:\/\/staging.nbg.eu\/no\/wp-json\/wp\/v2\/product_tag?post=44983"}],"curies":[{"name":"wp","href":"https:\/\/api.w.org\/{rel}","templated":true}]}}