{"id":44961,"date":"2024-08-18T09:31:20","date_gmt":"2024-08-18T09:31:20","guid":{"rendered":"https:\/\/staging.nbg.eu\/product\/dillon-daa-click-adjustable-powder-knob-v2\/"},"modified":"2024-09-10T11:51:10","modified_gmt":"2024-09-10T11:51:10","slug":"dillon-daa-klikk-justerbar-krutt-knott-v2","status":"publish","type":"product","link":"https:\/\/staging.nbg.eu\/no\/produkt\/dillon-daa-klikk-justerbar-krutt-knott-v2\/","title":{"rendered":"Dillon &#8211; Daa Klikk-Justerbar Krutt Knott V2"},"content":{"rendered":"<div class=\"product-description\">\n<h2>Dillon &#8211; DAA Klikk-Justerbar Pulverknapp V2<\/h2>\n<p>Oppgrader din reloading-opplevelse med DAA Klikk-Justerbar Pulverknapp V2, det forbedrede andregenerasjonstilbudet fra DAA. Denne presisjonsteknikk-knappen har f\u00f8lgende egenskaper:<\/p>\n<ul>\n<li>To-delt aluminiumskonstruksjon for enkel montering<\/li>\n<li>32mm rund, maskinert aluminiumsknapp med lasergravert merking<\/li>\n<li>Riflet ytterkant for bedre grep og kontroll<\/li>\n<li>H\u00f8rbare klikk for n\u00f8yaktige 18-graders justeringer<\/li>\n<li>20 klikk per rotasjon for presis kontroll av pulvermengde<\/li>\n<li>Lasergravert skive som indikerer \u00f8kning\/reduksjon av ladning<\/li>\n<li>Kompatibel med sm\u00e5 Dillon ladem\u00e5l (ikke for store rifleladem\u00e5l)<\/li>\n<\/ul>\n<p>Installer og juster pulvermengden enkelt med denne elegante, funksjonelle og brukervennlige knappen. Oppgrader ditt reloading-oppsett i dag!<\/p>\n<\/div>\n","protected":false},"excerpt":{"rendered":"<p>Presis, brukervennlig justering av kruttvekt for Dillon presser.<\/p>\n","protected":false},"featured_media":27059,"template":"","meta":{"_acf_changed":false},"product_brand":[11273],"product_cat":[13307,13261],"product_tag":[],"class_list":{"0":"post-44961","1":"product","2":"type-product","3":"status-publish","4":"has-post-thumbnail","6":"product_brand-doublealpha","7":"product_cat-omlading","8":"product_cat-omlastingsutstyr","10":"first","11":"outofstock","12":"taxable","13":"shipping-taxable","14":"purchasable","15":"product-type-simple"},"acf":[],"_links":{"self":[{"href":"https:\/\/staging.nbg.eu\/no\/wp-json\/wp\/v2\/product\/44961","targetHints":{"allow":["GET"]}}],"collection":[{"href":"https:\/\/staging.nbg.eu\/no\/wp-json\/wp\/v2\/product"}],"about":[{"href":"https:\/\/staging.nbg.eu\/no\/wp-json\/wp\/v2\/types\/product"}],"wp:featuredmedia":[{"embeddable":true,"href":"https:\/\/staging.nbg.eu\/no\/wp-json\/wp\/v2\/media\/27059"}],"wp:attachment":[{"href":"https:\/\/staging.nbg.eu\/no\/wp-json\/wp\/v2\/media?parent=44961"}],"wp:term":[{"taxonomy":"product_brand","embeddable":true,"href":"https:\/\/staging.nbg.eu\/no\/wp-json\/wp\/v2\/product_brand?post=44961"},{"taxonomy":"product_cat","embeddable":true,"href":"https:\/\/staging.nbg.eu\/no\/wp-json\/wp\/v2\/product_cat?post=44961"},{"taxonomy":"product_tag","embeddable":true,"href":"https:\/\/staging.nbg.eu\/no\/wp-json\/wp\/v2\/product_tag?post=44961"}],"curies":[{"name":"wp","href":"https:\/\/api.w.org\/{rel}","templated":true}]}}