{"id":44851,"date":"2024-08-18T09:33:44","date_gmt":"2024-08-18T09:33:44","guid":{"rendered":"https:\/\/staging.nbg.eu\/product\/pro-grip-lotion-2oz\/"},"modified":"2024-09-10T11:15:23","modified_gmt":"2024-09-10T11:15:23","slug":"pro-grip-lotion-2oz","status":"publish","type":"product","link":"https:\/\/staging.nbg.eu\/no\/produkt\/pro-grip-lotion-2oz\/","title":{"rendered":"Pro Grip Lotion 2Oz"},"content":{"rendered":"<p>\nForbedre skyteferdighetene dine med Pro Grip Lotion 2Oz. Stolt p\u00e5 av mestere som Jerry Barnhart, Todd Jarrett og Saul Kirsch, overg\u00e5r denne praktisk pakkede losjonen b\u00e5de harpiks og kritt. Opplev overlegen grep, v\u00e5penkontroll og raskere rekuperasjonstider. Et must-have for enhver skytters bag, Pro Grip er det hemmelige v\u00e5penet for suksess innen action-skyting.<\/p>\n","protected":false},"excerpt":{"rendered":"<p>Pro Grip: Mestergodkjent lotion for overlegen v\u00e5penkontroll.<\/p>\n","protected":false},"featured_media":27289,"template":"","meta":{"_acf_changed":false},"product_brand":[],"product_cat":[13265,13298,13278],"product_tag":[],"class_list":{"0":"post-44851","1":"product","2":"type-product","3":"status-publish","4":"has-post-thumbnail","6":"product_cat-hylster","7":"product_cat-hylstertilbehor","8":"product_cat-utstyr","10":"first","11":"instock","12":"taxable","13":"shipping-taxable","14":"purchasable","15":"product-type-simple"},"acf":[],"_links":{"self":[{"href":"https:\/\/staging.nbg.eu\/no\/wp-json\/wp\/v2\/product\/44851","targetHints":{"allow":["GET"]}}],"collection":[{"href":"https:\/\/staging.nbg.eu\/no\/wp-json\/wp\/v2\/product"}],"about":[{"href":"https:\/\/staging.nbg.eu\/no\/wp-json\/wp\/v2\/types\/product"}],"wp:featuredmedia":[{"embeddable":true,"href":"https:\/\/staging.nbg.eu\/no\/wp-json\/wp\/v2\/media\/27289"}],"wp:attachment":[{"href":"https:\/\/staging.nbg.eu\/no\/wp-json\/wp\/v2\/media?parent=44851"}],"wp:term":[{"taxonomy":"product_brand","embeddable":true,"href":"https:\/\/staging.nbg.eu\/no\/wp-json\/wp\/v2\/product_brand?post=44851"},{"taxonomy":"product_cat","embeddable":true,"href":"https:\/\/staging.nbg.eu\/no\/wp-json\/wp\/v2\/product_cat?post=44851"},{"taxonomy":"product_tag","embeddable":true,"href":"https:\/\/staging.nbg.eu\/no\/wp-json\/wp\/v2\/product_tag?post=44851"}],"curies":[{"name":"wp","href":"https:\/\/api.w.org\/{rel}","templated":true}]}}