{"id":44715,"date":"2024-08-18T09:36:21","date_gmt":"2024-08-18T09:36:21","guid":{"rendered":"https:\/\/staging.nbg.eu\/product\/ced-deluxe-quick-patch-tape-gun\/"},"modified":"2024-09-10T09:16:15","modified_gmt":"2024-09-10T09:16:15","slug":"ced-deluxe-quick-patch-tape-gun","status":"publish","type":"product","link":"https:\/\/staging.nbg.eu\/no\/produkt\/ced-deluxe-quick-patch-tape-gun\/","title":{"rendered":"Ced Deluxe Quick Patch Tape Gun"},"content":{"rendered":"<p>Introduserer CED Deluxe Quick Patch Tape Gun: Den ultimate l\u00f8sningen for \u00e5 lappe skyteskivehull!<\/p>\n<ul>\n<li>Raskere og enklere enn manuell lapping<\/li>\n<li>Kompatibel med de fleste fullst\u00f8rrelse lapper<\/li>\n<li>Enkel klem-og-slipp funksjon<\/li>\n<li>Lett \u00e5 sikte, bruke og lade p\u00e5 nytt<\/li>\n<li>\u00d8ker effektiviteten og sparer tid<\/li>\n<li>Morsom og enkel \u00e5 bruke<\/li>\n<\/ul>\n<p>Oppgrader skytebanetreningen din med CED Deluxe Tape Gun &#8211; alt-i-ett-verkt\u00f8yet for rask og effektiv lapping!<\/p>\n","protected":false},"excerpt":{"rendered":"<p>Effektivt m\u00e5lpatcheverkt\u00f8y. Lett \u00e5 bruke, lade og sikte med. Morsomt!<\/p>\n","protected":false},"featured_media":27519,"template":"","meta":{"_acf_changed":false},"product_brand":[],"product_cat":[13284,13276,13309],"product_tag":[],"class_list":{"0":"post-44715","1":"product","2":"type-product","3":"status-publish","4":"has-post-thumbnail","6":"product_cat-papirmal","7":"product_cat-patches-patchguns","8":"product_cat-skyteskiver","10":"first","11":"instock","12":"taxable","13":"shipping-taxable","14":"purchasable","15":"product-type-simple"},"acf":[],"_links":{"self":[{"href":"https:\/\/staging.nbg.eu\/no\/wp-json\/wp\/v2\/product\/44715","targetHints":{"allow":["GET"]}}],"collection":[{"href":"https:\/\/staging.nbg.eu\/no\/wp-json\/wp\/v2\/product"}],"about":[{"href":"https:\/\/staging.nbg.eu\/no\/wp-json\/wp\/v2\/types\/product"}],"wp:featuredmedia":[{"embeddable":true,"href":"https:\/\/staging.nbg.eu\/no\/wp-json\/wp\/v2\/media\/27519"}],"wp:attachment":[{"href":"https:\/\/staging.nbg.eu\/no\/wp-json\/wp\/v2\/media?parent=44715"}],"wp:term":[{"taxonomy":"product_brand","embeddable":true,"href":"https:\/\/staging.nbg.eu\/no\/wp-json\/wp\/v2\/product_brand?post=44715"},{"taxonomy":"product_cat","embeddable":true,"href":"https:\/\/staging.nbg.eu\/no\/wp-json\/wp\/v2\/product_cat?post=44715"},{"taxonomy":"product_tag","embeddable":true,"href":"https:\/\/staging.nbg.eu\/no\/wp-json\/wp\/v2\/product_tag?post=44715"}],"curies":[{"name":"wp","href":"https:\/\/api.w.org\/{rel}","templated":true}]}}