{"id":44575,"date":"2024-08-18T09:38:38","date_gmt":"2024-08-18T09:38:38","guid":{"rendered":"https:\/\/staging.nbg.eu\/product\/daa-primer-pro-collator-small-primer\/"},"modified":"2024-09-10T08:47:20","modified_gmt":"2024-09-10T08:47:20","slug":"daa-primer-pro-sorterer-liten-primer","status":"publish","type":"product","link":"https:\/\/staging.nbg.eu\/no\/produkt\/daa-primer-pro-sorterer-liten-primer\/","title":{"rendered":"Daa Primer-Pro Sorterer Liten Primer"},"content":{"rendered":"<h2>Daa Primer-Pro Tennhette-Sorterer for Sm\u00e5 Tennhetter<\/h2>\n<p>Revolusjon\u00e9r ladeprosessen din med PRIMER-PRO fra Double-Alpha! Denne innovative, patentpendende enheten tilbyr en unik l\u00f8sning for h\u00e5ndtering av sm\u00e5 rifle- og pistoltennhetter.<\/p>\n<ul>\n<li>Effektivt sorteringsdesign med 20 presisjonformede kanaler<\/li>\n<li>P\u00e5litelig avvisningssystem sikrer korrekt tennhette-orientering<\/li>\n<li>Optisk sensor teller tennhetter og stopper ved 100<\/li>\n<li>Intelligent blokkerings-forebygging og enkel probleml\u00f8sning<\/li>\n<li>Innovativ utgangs-aktuatorarm for jevn tennhette-plassering<\/li>\n<li>Inkluderer \u00e9n magnetisk krage for Dillon tennhetter\u00f8r<\/li>\n<li>12V DC str\u00f8mforsyning med US\/EU-adaptere og 2m ledning<\/li>\n<\/ul>\n<p>Merk: Tennhetter\u00f8r er ikke inkludert. Ekstra magnetiske krager er tilgjengelige separat.<\/p>\n","protected":false},"excerpt":{"rendered":"<p>Effektiv, p\u00e5litelig liten tennhettesorterer for rask omlading.<\/p>\n","protected":false},"featured_media":28209,"template":"","meta":{"_acf_changed":false},"product_brand":[11273],"product_cat":[13307,13279],"product_tag":[],"class_list":{"0":"post-44575","1":"product","2":"type-product","3":"status-publish","4":"has-post-thumbnail","6":"product_brand-doublealpha","7":"product_cat-omlading","8":"product_cat-omlastingsmaskiner","10":"first","11":"outofstock","12":"taxable","13":"shipping-taxable","14":"purchasable","15":"product-type-simple"},"acf":[],"_links":{"self":[{"href":"https:\/\/staging.nbg.eu\/no\/wp-json\/wp\/v2\/product\/44575","targetHints":{"allow":["GET"]}}],"collection":[{"href":"https:\/\/staging.nbg.eu\/no\/wp-json\/wp\/v2\/product"}],"about":[{"href":"https:\/\/staging.nbg.eu\/no\/wp-json\/wp\/v2\/types\/product"}],"wp:featuredmedia":[{"embeddable":true,"href":"https:\/\/staging.nbg.eu\/no\/wp-json\/wp\/v2\/media\/28209"}],"wp:attachment":[{"href":"https:\/\/staging.nbg.eu\/no\/wp-json\/wp\/v2\/media?parent=44575"}],"wp:term":[{"taxonomy":"product_brand","embeddable":true,"href":"https:\/\/staging.nbg.eu\/no\/wp-json\/wp\/v2\/product_brand?post=44575"},{"taxonomy":"product_cat","embeddable":true,"href":"https:\/\/staging.nbg.eu\/no\/wp-json\/wp\/v2\/product_cat?post=44575"},{"taxonomy":"product_tag","embeddable":true,"href":"https:\/\/staging.nbg.eu\/no\/wp-json\/wp\/v2\/product_tag?post=44575"}],"curies":[{"name":"wp","href":"https:\/\/api.w.org\/{rel}","templated":true}]}}