{"id":44504,"date":"2024-08-18T09:39:25","date_gmt":"2024-08-18T09:39:25","guid":{"rendered":"https:\/\/staging.nbg.eu\/product\/corn-cob-media-4kg\/"},"modified":"2024-09-10T08:26:28","modified_gmt":"2024-09-10T08:26:28","slug":"maiskolbe-media-4kg","status":"publish","type":"product","link":"https:\/\/staging.nbg.eu\/no\/produkt\/maiskolbe-media-4kg\/","title":{"rendered":"Maiskolbe Media 4Kg"},"content":{"rendered":"<h2>Maiskolbemedia 4 kg<\/h2>\n<p>L\u00f8ft rensingen av messing til et nytt niv\u00e5 med v\u00e5r f\u00f8rsteklasses 4 kg Maiskolbemedia. Dette kvalitetsmediaet er designet for \u00e5:<\/p>\n<ul>\n<li>Fjerne grus, smuss og pulverrester fra hylsene dine<\/li>\n<li>Gi messingen din en vakker glans<\/li>\n<li>Rengj\u00f8re selv de minste fordypningene i hylsekanter og tennhetteseter<\/li>\n<\/ul>\n<p>Perfekt for bruk i sm\u00e5 til mellomstore tromler og vibratorer, sikrer v\u00e5rt finkornet media grundig rengj\u00f8ring av messinghylsene dine. Mengden p\u00e5 4 kg tillater flere bruk, noe som gir utmerket valuta for pengene.<\/p>\n<p>Selv om dette mediaet kan brukes flere ganger, anbefaler vi periodisk utskifting for \u00e5 opprettholde optimale rengj\u00f8ringsresultater. Invester i v\u00e5rt Maiskolbemedia i dag og opplev forskjellen i din reloadingprosess!<\/p>\n","protected":false},"excerpt":{"rendered":"<p>4kg maiskolbegranulat: Rengj\u00f8r og polerer messinghylser, gjenbrukbart.<\/p>\n","protected":false},"featured_media":28577,"template":"","meta":{"_acf_changed":false},"product_brand":[],"product_cat":[13305,13307],"product_tag":[],"class_list":{"0":"post-44504","1":"product","2":"type-product","3":"status-publish","4":"has-post-thumbnail","6":"product_cat-hylseforberedelse","7":"product_cat-omlading","9":"first","10":"outofstock","11":"taxable","12":"shipping-taxable","13":"purchasable","14":"product-type-simple"},"acf":[],"_links":{"self":[{"href":"https:\/\/staging.nbg.eu\/no\/wp-json\/wp\/v2\/product\/44504","targetHints":{"allow":["GET"]}}],"collection":[{"href":"https:\/\/staging.nbg.eu\/no\/wp-json\/wp\/v2\/product"}],"about":[{"href":"https:\/\/staging.nbg.eu\/no\/wp-json\/wp\/v2\/types\/product"}],"wp:featuredmedia":[{"embeddable":true,"href":"https:\/\/staging.nbg.eu\/no\/wp-json\/wp\/v2\/media\/28577"}],"wp:attachment":[{"href":"https:\/\/staging.nbg.eu\/no\/wp-json\/wp\/v2\/media?parent=44504"}],"wp:term":[{"taxonomy":"product_brand","embeddable":true,"href":"https:\/\/staging.nbg.eu\/no\/wp-json\/wp\/v2\/product_brand?post=44504"},{"taxonomy":"product_cat","embeddable":true,"href":"https:\/\/staging.nbg.eu\/no\/wp-json\/wp\/v2\/product_cat?post=44504"},{"taxonomy":"product_tag","embeddable":true,"href":"https:\/\/staging.nbg.eu\/no\/wp-json\/wp\/v2\/product_tag?post=44504"}],"curies":[{"name":"wp","href":"https:\/\/api.w.org\/{rel}","templated":true}]}}