{"id":44482,"date":"2024-08-18T09:39:38","date_gmt":"2024-08-18T09:39:38","guid":{"rendered":"https:\/\/staging.nbg.eu\/product\/sordin-silicone-gel-replacement-ear-pads\/"},"modified":"2024-09-10T08:15:44","modified_gmt":"2024-09-10T08:15:44","slug":"sordin-silikon-gel-erstatning-oreputer","status":"publish","type":"product","link":"https:\/\/staging.nbg.eu\/no\/produkt\/sordin-silikon-gel-erstatning-oreputer\/","title":{"rendered":"Sordin Silikon Gel Erstatning \u00d8reputer"},"content":{"rendered":"<div class=\"product-description\">\n<h2>Sordin Silikon Gel Erstatnings\u00f8reputer<\/h2>\n<p>Oppgrader dine Sordin h\u00f8rselvern med v\u00e5rt Silikon Gel Erstatningssett, som inkluderer:<\/p>\n<ul>\n<li>2 Silikon Gel \u00d8reputer<\/li>\n<li>2 Isoleringsputer<\/li>\n<\/ul>\n<p>Opplev overlegen komfort og lydbeskyttelse med disse innovative gelputene som former seg etter hodets konturer. Perfekt for bruk med skyttebriller, tilpasser de seg rundt brillestengene for forbedret beskyttelse og komfort.<\/p>\n<p>Kompatibel med alle Sordin-modeller: Supreme Pro, Pro-X og Pro+3. Enkel \u00e5 installere uten behov for modifikasjoner.<\/p>\n<p>Forbedre hygiene og ytelse ved \u00e5 bytte \u00f8reputene regelmessig. Pr\u00f8v disse gelputene for \u00e5 virkelig verdsette forskjellen i komfort og lydisolering.<\/p>\n<\/div>\n","protected":false},"excerpt":{"rendered":"<p>Silikongel \u00f8reputer for Sordin hodesett. Forbedret komfort og lydbeskyttelse.<\/p>\n","protected":false},"featured_media":28600,"template":"","meta":{"_acf_changed":false},"product_brand":[],"product_cat":[13273,13278],"product_tag":[],"class_list":{"0":"post-44482","1":"product","2":"type-product","3":"status-publish","4":"has-post-thumbnail","6":"product_cat-horselsvern","7":"product_cat-utstyr","9":"first","10":"outofstock","11":"taxable","12":"shipping-taxable","13":"purchasable","14":"product-type-simple"},"acf":[],"_links":{"self":[{"href":"https:\/\/staging.nbg.eu\/no\/wp-json\/wp\/v2\/product\/44482","targetHints":{"allow":["GET"]}}],"collection":[{"href":"https:\/\/staging.nbg.eu\/no\/wp-json\/wp\/v2\/product"}],"about":[{"href":"https:\/\/staging.nbg.eu\/no\/wp-json\/wp\/v2\/types\/product"}],"wp:featuredmedia":[{"embeddable":true,"href":"https:\/\/staging.nbg.eu\/no\/wp-json\/wp\/v2\/media\/28600"}],"wp:attachment":[{"href":"https:\/\/staging.nbg.eu\/no\/wp-json\/wp\/v2\/media?parent=44482"}],"wp:term":[{"taxonomy":"product_brand","embeddable":true,"href":"https:\/\/staging.nbg.eu\/no\/wp-json\/wp\/v2\/product_brand?post=44482"},{"taxonomy":"product_cat","embeddable":true,"href":"https:\/\/staging.nbg.eu\/no\/wp-json\/wp\/v2\/product_cat?post=44482"},{"taxonomy":"product_tag","embeddable":true,"href":"https:\/\/staging.nbg.eu\/no\/wp-json\/wp\/v2\/product_tag?post=44482"}],"curies":[{"name":"wp","href":"https:\/\/api.w.org\/{rel}","templated":true}]}}