{"id":44354,"date":"2024-08-18T19:23:04","date_gmt":"2024-09-10T07:48:49","guid":{"rendered":"https:\/\/staging.nbg.eu\/product\/d%d0%b0%d0%b0-ratchet-inner-belt\/"},"modified":"2024-09-10T07:49:44","modified_gmt":"2024-09-10T07:49:44","slug":"daa-ratchet-innerbelte","status":"publish","type":"product","link":"https:\/\/staging.nbg.eu\/no\/produkt\/daa-ratchet-innerbelte\/","title":{"rendered":"DAA Ratchet Innerbelte"},"content":{"rendered":"<h2>DAA Ratchet Innerbelte<\/h2>\n<p>Opplev uovertruffen komfort med det innovative DAA Ratchet Innerbeltet. Med en unik sammenleggbar del designet for \u00e5 sitte under ratcheten, eliminerer dette beltet ubehagelige trykkpunkter n\u00e5r du strammer og forkorter det ytre beltet.<\/p>\n<ul>\n<li>Sammenleggbar del uten plastinnlegg eller borrel\u00e5s for enkel bretting<\/li>\n<li>Spisse ender for enkel threading gjennom buksens beltehemper<\/li>\n<li>Overlegen komfort sammenlignet med tradisjonelle innerbelter<\/li>\n<li>Laget med samme h\u00f8ykvalitetsmaterialer som standard DAA Innerbelter<\/li>\n<\/ul>\n<p>Si farvel til ubehag for\u00e5rsaket av harde materialer som ikke brettes lett. DAA Ratchet Innerbeltet sikrer en tett passform uten \u00e5 g\u00e5 p\u00e5 kompromiss med komforten, noe som gj\u00f8r det til det perfekte valget for kresne brukere som krever det beste innen belteteknologi.<\/p>\n","protected":false},"excerpt":{"rendered":"<p>Komfortabelt innerbelte med sammenleggbar del for skrallespenner.<\/p>\n","protected":false},"featured_media":29060,"template":"","meta":{"_acf_changed":false},"product_brand":[],"product_cat":[13281,13278],"product_tag":[],"class_list":{"0":"post-44354","1":"product","2":"type-product","3":"status-publish","4":"has-post-thumbnail","6":"product_cat-sportbelter","7":"product_cat-utstyr","9":"first","10":"instock","11":"taxable","12":"shipping-taxable","13":"purchasable","14":"product-type-variable","15":"wvs-archive-product-wrapper"},"acf":[],"_links":{"self":[{"href":"https:\/\/staging.nbg.eu\/no\/wp-json\/wp\/v2\/product\/44354","targetHints":{"allow":["GET"]}}],"collection":[{"href":"https:\/\/staging.nbg.eu\/no\/wp-json\/wp\/v2\/product"}],"about":[{"href":"https:\/\/staging.nbg.eu\/no\/wp-json\/wp\/v2\/types\/product"}],"wp:featuredmedia":[{"embeddable":true,"href":"https:\/\/staging.nbg.eu\/no\/wp-json\/wp\/v2\/media\/29060"}],"wp:attachment":[{"href":"https:\/\/staging.nbg.eu\/no\/wp-json\/wp\/v2\/media?parent=44354"}],"wp:term":[{"taxonomy":"product_brand","embeddable":true,"href":"https:\/\/staging.nbg.eu\/no\/wp-json\/wp\/v2\/product_brand?post=44354"},{"taxonomy":"product_cat","embeddable":true,"href":"https:\/\/staging.nbg.eu\/no\/wp-json\/wp\/v2\/product_cat?post=44354"},{"taxonomy":"product_tag","embeddable":true,"href":"https:\/\/staging.nbg.eu\/no\/wp-json\/wp\/v2\/product_tag?post=44354"}],"curies":[{"name":"wp","href":"https:\/\/api.w.org\/{rel}","templated":true}]}}