{"id":44097,"date":"2024-03-14T09:38:02","date_gmt":"2024-03-14T09:38:02","guid":{"rendered":"https:\/\/staging.nbg.eu\/product\/produkt-6\/"},"modified":"2024-09-13T10:02:06","modified_gmt":"2024-09-13T10:02:06","slug":"bore-tech-bomullspinner-100-pakke","status":"publish","type":"product","link":"https:\/\/staging.nbg.eu\/no\/produkt\/bore-tech-bomullspinner-100-pakke\/","title":{"rendered":"Bore Tech BOMULLSPINNER &#8211; 100 PAKKE"},"content":{"rendered":"<p>Bore Tech&#8217;s Bomullspinner: For flekkrengj\u00f8ring og n\u00f8yaktig p\u00e5f\u00f8ring av l\u00f8semidler. Egenskaper:<\/p>\n<ul>\n<li>Bomullstupp med lavt lofinnhold<\/li>\n<li>15 cm fleksibelt bambush\u00e5ndtak<\/li>\n<li>Egnet for AR-deler, avtrekkergrupper og vanskelig tilgjengelige omr\u00e5der<\/li>\n<li>For p\u00e5f\u00f8ring av fett og rengj\u00f8ring av sm\u00e5 fordypninger<\/li>\n<\/ul>\n<p>100-pakning for vedlikehold av skytev\u00e5pen.<\/p>\n","protected":false},"excerpt":{"rendered":"<p>Presisjonsrengj\u00f8ringspinner for skytev\u00e5pen. 15 cm bambush\u00e5ndtak, lavt loinnhold i tuppen.<\/p>\n","protected":false},"featured_media":44098,"template":"","meta":{"_acf_changed":false},"product_brand":[11166],"product_cat":[13319,13292],"product_tag":[],"class_list":{"0":"post-44097","1":"product","2":"type-product","3":"status-publish","4":"has-post-thumbnail","6":"product_brand-boretech","7":"product_cat-borster","8":"product_cat-vapenrengjoring","10":"first","11":"instock","12":"taxable","13":"shipping-taxable","14":"purchasable","15":"product-type-simple"},"acf":[],"_links":{"self":[{"href":"https:\/\/staging.nbg.eu\/no\/wp-json\/wp\/v2\/product\/44097","targetHints":{"allow":["GET"]}}],"collection":[{"href":"https:\/\/staging.nbg.eu\/no\/wp-json\/wp\/v2\/product"}],"about":[{"href":"https:\/\/staging.nbg.eu\/no\/wp-json\/wp\/v2\/types\/product"}],"wp:featuredmedia":[{"embeddable":true,"href":"https:\/\/staging.nbg.eu\/no\/wp-json\/wp\/v2\/media\/44098"}],"wp:attachment":[{"href":"https:\/\/staging.nbg.eu\/no\/wp-json\/wp\/v2\/media?parent=44097"}],"wp:term":[{"taxonomy":"product_brand","embeddable":true,"href":"https:\/\/staging.nbg.eu\/no\/wp-json\/wp\/v2\/product_brand?post=44097"},{"taxonomy":"product_cat","embeddable":true,"href":"https:\/\/staging.nbg.eu\/no\/wp-json\/wp\/v2\/product_cat?post=44097"},{"taxonomy":"product_tag","embeddable":true,"href":"https:\/\/staging.nbg.eu\/no\/wp-json\/wp\/v2\/product_tag?post=44097"}],"curies":[{"name":"wp","href":"https:\/\/api.w.org\/{rel}","templated":true}]}}