{"id":43843,"date":"2024-08-18T19:43:56","date_gmt":"2024-09-09T15:35:04","guid":{"rendered":"https:\/\/staging.nbg.eu\/product\/alpha-xi-pouch-inlay\/"},"modified":"2024-09-09T15:36:02","modified_gmt":"2024-09-09T15:36:02","slug":"alpha-xi-lommeinnlegg","status":"publish","type":"product","link":"https:\/\/staging.nbg.eu\/no\/produkt\/alpha-xi-lommeinnlegg\/","title":{"rendered":"Alpha-Xi Lommeinnlegg"},"content":{"rendered":"<div class=\"product-description\">\n<h2>Alpha-Xi Pung Innleggssett<\/h2>\n<p>Forbedre din Alpha-Xi Pung med v\u00e5rt skreddersydde innleggssett, tilgjengelig i din valgte farge. Disse presisjonskuttede innleggene er designet for \u00e5 integreres s\u00f8ml\u00f8st med alle lommer i din Alpha-Xi Pung.<\/p>\n<ul>\n<li>Komplett sett for alle lommer<\/li>\n<li>Enkel installasjon med 3M selvklebende bakside<\/li>\n<li>Beskyttelsesfilm p\u00e5 forsiden for ripemotstand<\/li>\n<li>Kan fjernes (med forsiktighet) ved hjelp av tilgangshull<\/li>\n<\/ul>\n<p>Installasjonen er enkel: bryt ut delene, fjern beskyttelsesfilmene, og plasser forsiktig i tilsvarende lommer. For best resultat, test passformen f\u00f8r du fjerner den selvklebende baksiden. Merk: Ikke installer i lommen som er beregnet for kuleleddsfeste.<\/p>\n<p><strong>Forsiktig:<\/strong> Innleggene kan brekke under fjerning. V\u00e6r forsiktig n\u00e5r du tilpasser din Alpha-Xi Pung.<\/p>\n<\/div>\n","protected":false},"excerpt":{"rendered":"<p>Alpha-Xi poseinnlegg: Skreddersydde innsatser for forbedret organisering.<\/p>\n","protected":false},"featured_media":37433,"template":"","meta":{"_acf_changed":false},"product_brand":[],"product_cat":[13265,13298,13303,13278],"product_tag":[],"class_list":{"0":"post-43843","1":"product","2":"type-product","3":"status-publish","4":"has-post-thumbnail","6":"product_cat-hylster","7":"product_cat-hylstertilbehor","8":"product_cat-sporthylster","9":"product_cat-utstyr","11":"first","12":"instock","13":"taxable","14":"shipping-taxable","15":"purchasable","16":"product-type-variable","17":"wvs-archive-product-wrapper"},"acf":[],"_links":{"self":[{"href":"https:\/\/staging.nbg.eu\/no\/wp-json\/wp\/v2\/product\/43843","targetHints":{"allow":["GET"]}}],"collection":[{"href":"https:\/\/staging.nbg.eu\/no\/wp-json\/wp\/v2\/product"}],"about":[{"href":"https:\/\/staging.nbg.eu\/no\/wp-json\/wp\/v2\/types\/product"}],"wp:featuredmedia":[{"embeddable":true,"href":"https:\/\/staging.nbg.eu\/no\/wp-json\/wp\/v2\/media\/37433"}],"wp:attachment":[{"href":"https:\/\/staging.nbg.eu\/no\/wp-json\/wp\/v2\/media?parent=43843"}],"wp:term":[{"taxonomy":"product_brand","embeddable":true,"href":"https:\/\/staging.nbg.eu\/no\/wp-json\/wp\/v2\/product_brand?post=43843"},{"taxonomy":"product_cat","embeddable":true,"href":"https:\/\/staging.nbg.eu\/no\/wp-json\/wp\/v2\/product_cat?post=43843"},{"taxonomy":"product_tag","embeddable":true,"href":"https:\/\/staging.nbg.eu\/no\/wp-json\/wp\/v2\/product_tag?post=43843"}],"curies":[{"name":"wp","href":"https:\/\/api.w.org\/{rel}","templated":true}]}}