{"id":411446,"date":"2025-07-01T17:10:17","date_gmt":"2025-07-01T14:10:17","guid":{"rendered":"https:\/\/staging.nbg.eu\/product\/grips-kmr-w-modular-sandpaper-black\/"},"modified":"2025-07-01T17:12:32","modified_gmt":"2025-07-01T14:12:32","slug":"grep-kmr-w-modular-sandpapir-svart","status":"publish","type":"product","link":"https:\/\/staging.nbg.eu\/no\/produkt\/grep-kmr-w-modular-sandpapir-svart\/","title":{"rendered":"GREP KMR W MODULAR SANDPAPIR SVART"},"content":{"rendered":"<h2>GRIPS KMR W MODUL\u00c6RT SANDPAPIR SVART<\/h2>\n<p>KMR W Modul\u00e6rt Sandpapir Svart er et grep for skytev\u00e5pen. Dette lange grepet er laget av anodisert duralumin og er uten magasinf\u00f8ring. Det har KMR-logoen og en modul\u00e6r design. Torx-skruer er inkludert for montering.<\/p>\n<ul>\n<li>St\u00f8rrelse: Lang<\/li>\n<li>Materiale: Anodisert duralumin<\/li>\n<li>Bruk: Uten magasinf\u00f8ring<\/li>\n<li>Inkluderer: Torx-skruer<\/li>\n<li>Logo: KMR<\/li>\n<\/ul>\n<p><strong>Referanse:<\/strong> 0611-03304-0101<\/p>\n","protected":false},"excerpt":{"rendered":"<p>Langt, holdbart anodisert duralumin-grep.<\/p>\n","protected":false},"featured_media":359276,"template":"","meta":{"_acf_changed":false},"product_brand":[11504],"product_cat":[13263,13312],"product_tag":[],"class_list":{"0":"post-411446","1":"product","2":"type-product","3":"status-publish","4":"has-post-thumbnail","6":"product_brand-kmr-precision","7":"product_cat-kmr-deler","8":"product_cat-pistoldeler","10":"first","11":"instock","12":"taxable","13":"shipping-taxable","14":"purchasable","15":"product-type-simple"},"acf":[],"_links":{"self":[{"href":"https:\/\/staging.nbg.eu\/no\/wp-json\/wp\/v2\/product\/411446","targetHints":{"allow":["GET"]}}],"collection":[{"href":"https:\/\/staging.nbg.eu\/no\/wp-json\/wp\/v2\/product"}],"about":[{"href":"https:\/\/staging.nbg.eu\/no\/wp-json\/wp\/v2\/types\/product"}],"wp:featuredmedia":[{"embeddable":true,"href":"https:\/\/staging.nbg.eu\/no\/wp-json\/wp\/v2\/media\/359276"}],"wp:attachment":[{"href":"https:\/\/staging.nbg.eu\/no\/wp-json\/wp\/v2\/media?parent=411446"}],"wp:term":[{"taxonomy":"product_brand","embeddable":true,"href":"https:\/\/staging.nbg.eu\/no\/wp-json\/wp\/v2\/product_brand?post=411446"},{"taxonomy":"product_cat","embeddable":true,"href":"https:\/\/staging.nbg.eu\/no\/wp-json\/wp\/v2\/product_cat?post=411446"},{"taxonomy":"product_tag","embeddable":true,"href":"https:\/\/staging.nbg.eu\/no\/wp-json\/wp\/v2\/product_tag?post=411446"}],"curies":[{"name":"wp","href":"https:\/\/api.w.org\/{rel}","templated":true}]}}