{"id":411050,"date":"2025-07-01T16:46:37","date_gmt":"2025-07-01T13:46:37","guid":{"rendered":"https:\/\/staging.nbg.eu\/product\/surefire-ep7-bk-mpr-bulk-ear-plugs\/"},"modified":"2025-07-01T16:48:58","modified_gmt":"2025-07-01T13:48:58","slug":"surefire-ep7-bk-mpr-bulk-orepropper","status":"publish","type":"product","link":"https:\/\/staging.nbg.eu\/no\/produkt\/surefire-ep7-bk-mpr-bulk-orepropper\/","title":{"rendered":"Surefire EP7-BK-MPR-BULK \u00d8repropper"},"content":{"rendered":"<div class=\"product-description\">\n<h2>Surefire EP7-BK-MPR-BULK \u00d8repropper<\/h2>\n<h2>H\u00f8rselsvern<\/h2>\n<p>Surefire EP7 Sonic Defenders Ultra \u00f8repropper gir h\u00f8rselsvern uten \u00e5 kompromittere evnen til \u00e5 h\u00f8re viktige lyder. Med en st\u00f8yreduksjonsgrad (NRR) p\u00e5 28 dB, beskytter disse \u00f8reproppene mot st\u00f8yindusert h\u00f8rselstap (NIHL).<\/p>\n<h3>Hovedfunksjoner:<\/h3>\n<ul>\n<li>Skumtippet design med Comply\u2122 kanaltips i mykt minneskum<\/li>\n<li>28 dB st\u00f8yreduksjonsgrad (NRR) med filterkorker innsatt<\/li>\n<li>Tillater trygge lydniv\u00e5er \u00e5 passere mens skadelige lyder over 85 dB reduseres<\/li>\n<li>EarLock\u00ae festering med syv kontaktpunkter for sikker passform<\/li>\n<li>Laget av hypoallergen, medisinsk polymer for komfort og holdbarhet<\/li>\n<li>Lavprofil design kompatibel med masker, hjelmer og hodetelefoner<\/li>\n<li>Avtagbare filterkorker for ekstra beskyttelse i st\u00f8yende milj\u00f8er<\/li>\n<li>Kompatibel med ulike radiokommunikasjonssystemer<\/li>\n<\/ul>\n<h3>Tilleggsinformasjon:<\/h3>\n<ul>\n<li>Tilgjengelig i klar, svart eller oransje<\/li>\n<li>Inkluderer 66 cm polymerb\u00e5nd og ekstra par Comply\u2122 kanaltips<\/li>\n<li>St\u00f8rrelser: Liten (S), Medium (M) og Stor (L)<\/li>\n<li>Samsvarserkl\u00e6ring tilgjengelig p\u00e5 surefire.com\/doc-ep7<\/li>\n<\/ul>\n<p>Beskytt h\u00f8rselen din uten \u00e5 ofre situasjonsbevissthet. Surefire EP7 Sonic Defenders Ultra \u00f8repropper er egnet for b\u00e5de profesjonell og fritidsbruk, og tilbyr komfort, allsidighet og h\u00f8rselsvern.<\/p>\n<\/div>\n","protected":false},"excerpt":{"rendered":"<p>Beskyttende \u00f8repropper med 28dB NRR. Tillater trygge lyder. Komfortable skumtupper.<\/p>\n","protected":false},"featured_media":399771,"template":"","meta":{"_acf_changed":false},"product_brand":[11875],"product_cat":[13273,13278],"product_tag":[],"class_list":{"0":"post-411050","1":"product","2":"type-product","3":"status-publish","4":"has-post-thumbnail","6":"product_brand-surefire","7":"product_cat-horselsvern","8":"product_cat-utstyr","10":"first","11":"instock","12":"taxable","13":"shipping-taxable","14":"purchasable","15":"product-type-simple"},"acf":[],"_links":{"self":[{"href":"https:\/\/staging.nbg.eu\/no\/wp-json\/wp\/v2\/product\/411050","targetHints":{"allow":["GET"]}}],"collection":[{"href":"https:\/\/staging.nbg.eu\/no\/wp-json\/wp\/v2\/product"}],"about":[{"href":"https:\/\/staging.nbg.eu\/no\/wp-json\/wp\/v2\/types\/product"}],"wp:featuredmedia":[{"embeddable":true,"href":"https:\/\/staging.nbg.eu\/no\/wp-json\/wp\/v2\/media\/399771"}],"wp:attachment":[{"href":"https:\/\/staging.nbg.eu\/no\/wp-json\/wp\/v2\/media?parent=411050"}],"wp:term":[{"taxonomy":"product_brand","embeddable":true,"href":"https:\/\/staging.nbg.eu\/no\/wp-json\/wp\/v2\/product_brand?post=411050"},{"taxonomy":"product_cat","embeddable":true,"href":"https:\/\/staging.nbg.eu\/no\/wp-json\/wp\/v2\/product_cat?post=411050"},{"taxonomy":"product_tag","embeddable":true,"href":"https:\/\/staging.nbg.eu\/no\/wp-json\/wp\/v2\/product_tag?post=411050"}],"curies":[{"name":"wp","href":"https:\/\/api.w.org\/{rel}","templated":true}]}}