{"id":410754,"date":"2025-07-01T16:30:57","date_gmt":"2025-07-01T13:30:57","guid":{"rendered":"https:\/\/staging.nbg.eu\/product\/surefire-csm-09-push-button-switch\/"},"modified":"2025-07-01T16:33:17","modified_gmt":"2025-07-01T13:33:17","slug":"surefire-csm-09-trykkbryter","status":"publish","type":"product","link":"https:\/\/staging.nbg.eu\/no\/produkt\/surefire-csm-09-trykkbryter\/","title":{"rendered":"Surefire CSM-09 Trykkbryter"},"content":{"rendered":"<div class=\"product-description\">\n<h2>Surefire CSM-09 Trykknappbryter<\/h2>\n<h2>Fjernkontroll. Spar plass.<\/h2>\n<p>CSM-09 Trykknappbryter er en l\u00f8sning for fjernstyring av din SureFire v\u00e5penlykt mens du maksimerer skinne-plassen p\u00e5 v\u00e5penet ditt. Denne bryteren tilbyr b\u00e5de momentan og konstant funksjonalitet fra en enkelt kontroll.<\/p>\n<h3>Hovedfunksjoner:<\/h3>\n<ul>\n<li>Fjernstyring for SureFire v\u00e5penlykter med bryterinngang<\/li>\n<li>Kompakt design for effektiv utnyttelse av skinneplass<\/li>\n<li>Enkel festing til M-LOK skinner<\/li>\n<li>V\u00e6rbestandig konstruksjon<\/li>\n<li>9-tommer kabel egnet for de fleste rifle\/karabin applikasjoner<\/li>\n<\/ul>\n<h3>Kompatibilitet:<\/h3>\n<p>CSM-09 er kompatibel med flere SureFire v\u00e5penlykter, inkludert:<\/p>\n<ul>\n<li>Millennium Universal<\/li>\n<li>Classic Universal<\/li>\n<li>Scout Light (med bryterinngang i endehetten)<\/li>\n<li>X300<\/li>\n<li>X400 (med XT endehette)<\/li>\n<\/ul>\n<h3>Bruk:<\/h3>\n<p>Aktiver v\u00e5penlykten din:<\/p>\n<ul>\n<li>Lett trykk for momentan aktivering<\/li>\n<li>Klikk gjennom for konstant modus<\/li>\n<\/ul>\n<p>CSM-09 Trykknappbryter er designet for \u00e5 sikre at v\u00e5penlykten din er klar n\u00e5r du trenger den.<\/p>\n<\/div>\n","protected":false},"excerpt":{"rendered":"<p>Kompakt M-LOK fjernbryter for SureFire v\u00e5penlykter. Momentan og konstant p\u00e5-funksjon.<\/p>\n","protected":false},"featured_media":399896,"template":"","meta":{"_acf_changed":false},"product_brand":[11875],"product_cat":[13302,13326],"product_tag":[],"class_list":{"0":"post-410754","1":"product","2":"type-product","3":"status-publish","4":"has-post-thumbnail","6":"product_brand-surefire","7":"product_cat-lys","8":"product_cat-lystilbehor","10":"first","11":"instock","12":"taxable","13":"shipping-taxable","14":"purchasable","15":"product-type-simple"},"acf":[],"_links":{"self":[{"href":"https:\/\/staging.nbg.eu\/no\/wp-json\/wp\/v2\/product\/410754","targetHints":{"allow":["GET"]}}],"collection":[{"href":"https:\/\/staging.nbg.eu\/no\/wp-json\/wp\/v2\/product"}],"about":[{"href":"https:\/\/staging.nbg.eu\/no\/wp-json\/wp\/v2\/types\/product"}],"wp:featuredmedia":[{"embeddable":true,"href":"https:\/\/staging.nbg.eu\/no\/wp-json\/wp\/v2\/media\/399896"}],"wp:attachment":[{"href":"https:\/\/staging.nbg.eu\/no\/wp-json\/wp\/v2\/media?parent=410754"}],"wp:term":[{"taxonomy":"product_brand","embeddable":true,"href":"https:\/\/staging.nbg.eu\/no\/wp-json\/wp\/v2\/product_brand?post=410754"},{"taxonomy":"product_cat","embeddable":true,"href":"https:\/\/staging.nbg.eu\/no\/wp-json\/wp\/v2\/product_cat?post=410754"},{"taxonomy":"product_tag","embeddable":true,"href":"https:\/\/staging.nbg.eu\/no\/wp-json\/wp\/v2\/product_tag?post=410754"}],"curies":[{"name":"wp","href":"https:\/\/api.w.org\/{rel}","templated":true}]}}