{"id":408112,"date":"2025-05-09T10:47:39","date_gmt":"2025-05-09T07:47:39","guid":{"rendered":"https:\/\/staging.nbg.eu\/product\/surefire-m640df-bk-pro-scout-light-pro-black\/"},"modified":"2025-10-01T16:09:19","modified_gmt":"2025-10-01T13:09:19","slug":"surefire-m640df-bk-pro-scout-light-pro-svart","status":"publish","type":"product","link":"https:\/\/staging.nbg.eu\/no\/produkt\/surefire-m640df-bk-pro-scout-light-pro-svart\/","title":{"rendered":"Surefire M640DF-BK-PRO Scout Light Pro, Svart"},"content":{"rendered":"<div class=\"product-description\">\n<h2>Surefire M640DF-BK-PRO Scout Light Pro, Svart<\/h2>\n<p>Dual Fuel Scout Light\u00ae Pro er et v\u00e5penlys som kombinerer utpr\u00f8vde elementer med ny teknologi. Dette belysningsverkt\u00f8yet er designet for taktiske situasjoner, dag og natt.<\/p>\n<h2>Hovedfunksjoner:<\/h2>\n<ul>\n<li>Leverer opptil 1500 lumen hvitt lys<\/li>\n<li>Dual Fuel-kapasitet: Bruker enten SF18650B oppladbart eller to 123A litiumbatterier<\/li>\n<li>Lavprofil montering (LPM) for optimal posisjonering<\/li>\n<li>Hybridstr\u00e5lem\u00f8nster for b\u00e5de langdistanse identifikasjon og situasjonsbevissthet<\/li>\n<li>LED med h\u00f8y ytelse<\/li>\n<li>Mil-Spec hard-anodisert aluminiumskonstruksjon for holdbarhet<\/li>\n<\/ul>\n<h2>Allsidighet og ytelse:<\/h2>\n<p>M640DF-BK-PRO har SureFires nye lavprofilmontering (LPM), som gir fleksibilitet i posisjonering. Kompatibel med b\u00e5de MIL-STD-1913 og M-LOK skinnesystemer. LED-en gir 1500 lumen med SF18650B-batteriet eller 1200 lumen med 123A-batterier, og gir en balanse mellom rekkevidde og omgivelseslys gjennom TIR-linsen.<\/p>\n<h2>Bygget for harde forhold:<\/h2>\n<p>Laget av lett flyaluminium med Mil-Spec hard-anodisert overflate. O-ringtetninger gir IPX7 vannmotstand. Det herdede vinduet og den robuste konstruksjonen gj\u00f8r den motstandsdyktig.<\/p>\n<h2>Taktiske egenskaper:<\/h2>\n<p>Med en maksimal str\u00e5leintensitet p\u00e5 16 000 candela og en str\u00e5lerekkevidde p\u00e5 opptil 250 meter. Z68 momentan\/konstant-p\u00e5 trykknapp, beskyttet av et taktisk deksel, gir aktivering.<\/p>\n<h2>Tekniske spesifikasjoner:<\/h2>\n<ul>\n<li>Lengde: 14,1 cm<\/li>\n<li>Vekt med batterier: 156 g<\/li>\n<li>Frontdiameter: 2,9 cm<\/li>\n<li>Effekt: H\u00f8y &#8211; 1500 lumen (SF18650B) \/ 1200 lumen (123A)<\/li>\n<li>Driftstid: 1,5 timer (SF18650B) \/ 1,25 timer (123A)<\/li>\n<\/ul>\n<p>Surefire M640DF-BK-PRO Scout Light Pro er et v\u00e5penmontert lys for bruk i ulike milj\u00f8er.<\/p>\n<\/div>\n","protected":false},"excerpt":{"rendered":"<p>Kraftig 1500-lumens taktisk lykt med allsidig feste for bruk p\u00e5 kort til lang avstand.<\/p>\n","protected":false},"featured_media":400345,"template":"","meta":{"_acf_changed":false},"product_brand":[11875],"product_cat":[13302,13262],"product_tag":[],"class_list":{"0":"post-408112","1":"product","2":"type-product","3":"status-publish","4":"has-post-thumbnail","6":"product_brand-surefire","7":"product_cat-lys","8":"product_cat-riflelys","10":"first","11":"instock","12":"taxable","13":"shipping-taxable","14":"purchasable","15":"product-type-variable","16":"wvs-archive-product-wrapper"},"acf":[],"_links":{"self":[{"href":"https:\/\/staging.nbg.eu\/no\/wp-json\/wp\/v2\/product\/408112","targetHints":{"allow":["GET"]}}],"collection":[{"href":"https:\/\/staging.nbg.eu\/no\/wp-json\/wp\/v2\/product"}],"about":[{"href":"https:\/\/staging.nbg.eu\/no\/wp-json\/wp\/v2\/types\/product"}],"wp:featuredmedia":[{"embeddable":true,"href":"https:\/\/staging.nbg.eu\/no\/wp-json\/wp\/v2\/media\/400345"}],"wp:attachment":[{"href":"https:\/\/staging.nbg.eu\/no\/wp-json\/wp\/v2\/media?parent=408112"}],"wp:term":[{"taxonomy":"product_brand","embeddable":true,"href":"https:\/\/staging.nbg.eu\/no\/wp-json\/wp\/v2\/product_brand?post=408112"},{"taxonomy":"product_cat","embeddable":true,"href":"https:\/\/staging.nbg.eu\/no\/wp-json\/wp\/v2\/product_cat?post=408112"},{"taxonomy":"product_tag","embeddable":true,"href":"https:\/\/staging.nbg.eu\/no\/wp-json\/wp\/v2\/product_tag?post=408112"}],"curies":[{"name":"wp","href":"https:\/\/api.w.org\/{rel}","templated":true}]}}