{"id":405866,"date":"2025-06-30T21:19:59","date_gmt":"2025-06-30T18:19:59","guid":{"rendered":"https:\/\/staging.nbg.eu\/product\/surefire-scout-infrared-light-m640v-pro-tan\/"},"modified":"2025-06-30T21:21:37","modified_gmt":"2025-06-30T18:21:37","slug":"surefire-scout-infrarod-lys-m640v-pro-tan","status":"publish","type":"product","link":"https:\/\/staging.nbg.eu\/no\/produkt\/surefire-scout-infrarod-lys-m640v-pro-tan\/","title":{"rendered":"SureFire Scout Infrar\u00f8d Lys &#8211; M640V PRO &#8211; Tan"},"content":{"rendered":"<h2>SureFire Scout infrar\u00f8dt lys &#8211; M640V PRO &#8211; Tan<\/h2>\n<p>M640V PRO Scout infrar\u00f8dt lys har f\u00f8lgende egenskaper:<\/p>\n<ul>\n<li>350 lumen hvitt lys og 120 mW IR-utgang<\/li>\n<li>Ny lavprofil montering for plassering p\u00e5 MIL-STD-1913 eller M-LOK skinner<\/li>\n<li>TIR-linse for lang rekkevidde med omgivelseslys<\/li>\n<li>Veksling mellom hvitt og IR-modus<\/li>\n<li>Konstruksjon i aluminium med hard-anodisert overflate<\/li>\n<li>IPX7 vannmotstand<\/li>\n<li>Trykknapp p\u00e5 bakenden for aktivering<\/li>\n<\/ul>\n<p>M640V PRO har 2,5 timers driftstid p\u00e5 h\u00f8y innstilling og 214 meters str\u00e5lerekkevidde. Egnet for medium til lang rekkevidde operasjoner.<\/p>\n","protected":false},"excerpt":{"rendered":"<p>Allsidig IR\/hvit v\u00e5penlys med 350 lumen og 120 mW IR-effekt.<\/p>\n","protected":false},"featured_media":353026,"template":"","meta":{"_acf_changed":false},"product_brand":[11875],"product_cat":[13270,13302,13262],"product_tag":[],"class_list":{"0":"post-405866","1":"product","2":"type-product","3":"status-publish","4":"has-post-thumbnail","6":"product_brand-surefire","7":"product_cat-edc-lys","8":"product_cat-lys","9":"product_cat-riflelys","11":"first","12":"instock","13":"taxable","14":"shipping-taxable","15":"purchasable","16":"product-type-simple"},"acf":[],"_links":{"self":[{"href":"https:\/\/staging.nbg.eu\/no\/wp-json\/wp\/v2\/product\/405866","targetHints":{"allow":["GET"]}}],"collection":[{"href":"https:\/\/staging.nbg.eu\/no\/wp-json\/wp\/v2\/product"}],"about":[{"href":"https:\/\/staging.nbg.eu\/no\/wp-json\/wp\/v2\/types\/product"}],"wp:featuredmedia":[{"embeddable":true,"href":"https:\/\/staging.nbg.eu\/no\/wp-json\/wp\/v2\/media\/353026"}],"wp:attachment":[{"href":"https:\/\/staging.nbg.eu\/no\/wp-json\/wp\/v2\/media?parent=405866"}],"wp:term":[{"taxonomy":"product_brand","embeddable":true,"href":"https:\/\/staging.nbg.eu\/no\/wp-json\/wp\/v2\/product_brand?post=405866"},{"taxonomy":"product_cat","embeddable":true,"href":"https:\/\/staging.nbg.eu\/no\/wp-json\/wp\/v2\/product_cat?post=405866"},{"taxonomy":"product_tag","embeddable":true,"href":"https:\/\/staging.nbg.eu\/no\/wp-json\/wp\/v2\/product_tag?post=405866"}],"curies":[{"name":"wp","href":"https:\/\/api.w.org\/{rel}","templated":true}]}}