{"id":405599,"date":"2025-05-05T23:43:01","date_gmt":"2025-05-05T20:43:01","guid":{"rendered":"https:\/\/staging.nbg.eu\/product\/surefire-plr-c-edc-flashlight-stiletto-pro-ii\/"},"modified":"2025-06-30T20:03:53","modified_gmt":"2025-06-30T17:03:53","slug":"surefire-plr-c-edc-lommelykt-stiletto-pro-ii","status":"publish","type":"product","link":"https:\/\/staging.nbg.eu\/no\/produkt\/surefire-plr-c-edc-lommelykt-stiletto-pro-ii\/","title":{"rendered":"Surefire PLR-C EDC Lommelykt &#8211; Stiletto Pro II"},"content":{"rendered":"<h2>Surefire PLR-C EDC Lommelykt &#8211; Stiletto Pro II<\/h2>\n<p>Stiletto Pro II er en lommelykt for daglig bruk. Den har en slank profil og kan levere opptil 1500 lumen med en rekkevidde p\u00e5 375 meter.<\/p>\n<ul>\n<li>Dobbel optikk gir 35 000 candela for belysning p\u00e5 lang avstand<\/li>\n<li>Tre programmerbare innstillinger: H\u00f8y (1500 lumen), Medium (500 lumen) og Lav (25 lumen)<\/li>\n<li>Kropp i luftfartsaluminium<\/li>\n<li>Taktisk bryter bak med valgfri h\u00f8yfrekvent strobelys<\/li>\n<li>Integrert USB-C oppladbart litium-polymer batteri<\/li>\n<li>LED-indikator for batteristatus<\/li>\n<li>Vendbar lommeklips i fj\u00e6rst\u00e5l med Melonite-belegg<\/li>\n<li>IPX7 vannbestandig opptil 1 meter i 30 minutter<\/li>\n<\/ul>\n<p>Stiletto Pro II kan brukes i m\u00f8rke gater eller utend\u00f8rs. Den er egnet for politi, milit\u00e6rt personell og vanlige brukere.<\/p>\n","protected":false},"excerpt":{"rendered":"<p>Slank, kraftig EDC-lommelykt med 1500 lumen og langdistansestr\u00e5le.<\/p>\n","protected":false},"featured_media":352346,"template":"","meta":{"_acf_changed":false},"product_brand":[11875],"product_cat":[13301,13270,13302],"product_tag":[],"class_list":{"0":"post-405599","1":"product","2":"type-product","3":"status-publish","4":"has-post-thumbnail","6":"product_brand-surefire","7":"product_cat-edc","8":"product_cat-edc-lys","9":"product_cat-lys","11":"first","12":"outofstock","13":"taxable","14":"shipping-taxable","15":"purchasable","16":"product-type-simple"},"acf":[],"_links":{"self":[{"href":"https:\/\/staging.nbg.eu\/no\/wp-json\/wp\/v2\/product\/405599","targetHints":{"allow":["GET"]}}],"collection":[{"href":"https:\/\/staging.nbg.eu\/no\/wp-json\/wp\/v2\/product"}],"about":[{"href":"https:\/\/staging.nbg.eu\/no\/wp-json\/wp\/v2\/types\/product"}],"wp:featuredmedia":[{"embeddable":true,"href":"https:\/\/staging.nbg.eu\/no\/wp-json\/wp\/v2\/media\/352346"}],"wp:attachment":[{"href":"https:\/\/staging.nbg.eu\/no\/wp-json\/wp\/v2\/media?parent=405599"}],"wp:term":[{"taxonomy":"product_brand","embeddable":true,"href":"https:\/\/staging.nbg.eu\/no\/wp-json\/wp\/v2\/product_brand?post=405599"},{"taxonomy":"product_cat","embeddable":true,"href":"https:\/\/staging.nbg.eu\/no\/wp-json\/wp\/v2\/product_cat?post=405599"},{"taxonomy":"product_tag","embeddable":true,"href":"https:\/\/staging.nbg.eu\/no\/wp-json\/wp\/v2\/product_tag?post=405599"}],"curies":[{"name":"wp","href":"https:\/\/api.w.org\/{rel}","templated":true}]}}