{"id":404805,"date":"2025-06-30T12:06:29","date_gmt":"2025-06-30T09:06:29","guid":{"rendered":"https:\/\/staging.nbg.eu\/product\/ammunition-sb-cal-357-mag-fmj-10-25g\/"},"modified":"2025-06-30T12:07:56","modified_gmt":"2025-06-30T09:07:56","slug":"ammunisjon-sb-kal-357-mag-fmj-1025g","status":"publish","type":"product","link":"https:\/\/staging.nbg.eu\/no\/produkt\/ammunisjon-sb-kal-357-mag-fmj-1025g\/","title":{"rendered":"AMMUNISJON S&#038;B kal. 357 Mag FMJ 10.25g"},"content":{"rendered":"<div class=\"product-description\">\n<h2>S&amp;B FMJ .357 Magnum 10,25g<\/h2>\n<p>Sellier &amp; Bellot&#8217;s Full Metal Jacket .357 Magnum patron. Denne ammunisjonen er egnet for revolverskyttere.<\/p>\n<h3>Hovedegenskaper:<\/h3>\n<ul>\n<li>Kaliber: .357 Magnum<\/li>\n<li>Kulvekt: 158gr\/10,25g Full Metal Jacket (FMJ)<\/li>\n<li>Munningshastighet: 385 m\/s<\/li>\n<li>Ballistisk koeffisient: 0,184<\/li>\n<li>Kraftfaktor: 199,6<\/li>\n<li>Eskest\u00f8rrelse: 50 skudd<\/li>\n<\/ul>\n<p>Produsert av Sellier &amp; Bellot, en ammunisjonsprodusent siden 1825. Denne patronen kan brukes til trening, konkurranse eller andre skyteaktiviteter.<\/p>\n<p>Denne ammunisjonen brukes av sivile og milit\u00e6rt personell over hele verden. S&amp;B .357 Magnum er laget for n\u00f8yaktighet og p\u00e5litelighet.<\/p>\n<\/div>\n","protected":false},"excerpt":{"rendered":"<p>S&amp;B .357 Mag FMJ 10,25g: Kraftig, presis revolverammunisjon for trening<\/p>\n","protected":false},"featured_media":359131,"template":"","meta":{"_acf_changed":false},"product_brand":[],"product_cat":[13286,13296],"product_tag":[],"class_list":{"0":"post-404805","1":"product","2":"type-product","3":"status-publish","4":"has-post-thumbnail","6":"product_cat-ammunisjon","7":"product_cat-lisensiert","9":"first","10":"instock","11":"taxable","12":"shipping-taxable","13":"purchasable","14":"product-type-simple"},"acf":[],"_links":{"self":[{"href":"https:\/\/staging.nbg.eu\/no\/wp-json\/wp\/v2\/product\/404805","targetHints":{"allow":["GET"]}}],"collection":[{"href":"https:\/\/staging.nbg.eu\/no\/wp-json\/wp\/v2\/product"}],"about":[{"href":"https:\/\/staging.nbg.eu\/no\/wp-json\/wp\/v2\/types\/product"}],"wp:featuredmedia":[{"embeddable":true,"href":"https:\/\/staging.nbg.eu\/no\/wp-json\/wp\/v2\/media\/359131"}],"wp:attachment":[{"href":"https:\/\/staging.nbg.eu\/no\/wp-json\/wp\/v2\/media?parent=404805"}],"wp:term":[{"taxonomy":"product_brand","embeddable":true,"href":"https:\/\/staging.nbg.eu\/no\/wp-json\/wp\/v2\/product_brand?post=404805"},{"taxonomy":"product_cat","embeddable":true,"href":"https:\/\/staging.nbg.eu\/no\/wp-json\/wp\/v2\/product_cat?post=404805"},{"taxonomy":"product_tag","embeddable":true,"href":"https:\/\/staging.nbg.eu\/no\/wp-json\/wp\/v2\/product_tag?post=404805"}],"curies":[{"name":"wp","href":"https:\/\/api.w.org\/{rel}","templated":true}]}}