{"id":38477,"date":"2024-08-26T13:54:16","date_gmt":"2024-09-09T14:39:02","guid":{"rendered":"https:\/\/staging.nbg.eu\/product\/vanward-ultra-light\/"},"modified":"2025-05-01T17:51:32","modified_gmt":"2025-05-01T17:51:32","slug":"vanward-ultra-lett","status":"publish","type":"product","link":"https:\/\/staging.nbg.eu\/no\/produkt\/vanward-ultra-lett\/","title":{"rendered":"Vanward Ultra Lett"},"content":{"rendered":"<h2>Vanward Ultra Lett Lyddemper<\/h2>\n<p>Opplev uovertruffen letthet og ytelse med Vanward Ultra Lett lyddemper. Med en vekt p\u00e5 bare 137 gram*, er den den letteste i sin klasse uten \u00e5 g\u00e5 p\u00e5 kompromiss med funksjonalitet.<\/p>\n<h2>Hovedfunksjoner:<\/h2>\n<ul>\n<li>Optimalisert lyddemperplatefordeling for overlegen trykkutjevning<\/li>\n<li>Sekskantet utvendig design for \u00f8kt styrke og kj\u00f8ling<\/li>\n<li>3D-printet i ett stykke grad 5 titan<\/li>\n<li>Ekstremt holdbar og korrosjonsbestandig<\/li>\n<li>Tilgjengelig i kaliber .223, .264 og .30<\/li>\n<li>Gjengetyper: M18x1, M15x1, M14x1, 1\/2*28<\/li>\n<\/ul>\n<h2>Spesifikasjoner:<\/h2>\n<ul>\n<li>Diameter: 42mm<\/li>\n<li>Lengde: 130mm<\/li>\n<li>Vekt: 137 gram* (M18-modell)<\/li>\n<\/ul>\n<p>L\u00f8ft skytteropplevelsen din med Vanward Ultra Lett &#8211; der innovasjon m\u00f8ter ytelse.<\/p>\n","protected":false},"excerpt":{"rendered":"<p>Ultralette titandemper, 137g. 3D-printet, holdbar, effektiv kj\u00f8ling.<\/p>\n","protected":false},"featured_media":32437,"template":"","meta":{"_acf_changed":false},"product_brand":[11947],"product_cat":[13246,13311,13264],"product_tag":[],"class_list":{"0":"post-38477","1":"product","2":"type-product","3":"status-publish","4":"has-post-thumbnail","6":"product_brand-vanward","7":"product_cat-lyddempere","8":"product_cat-rifle","9":"product_cat-rifle-lyddempere","11":"first","12":"instock","13":"taxable","14":"shipping-taxable","15":"purchasable","16":"product-type-variable","17":"wvs-archive-product-wrapper"},"acf":[],"_links":{"self":[{"href":"https:\/\/staging.nbg.eu\/no\/wp-json\/wp\/v2\/product\/38477","targetHints":{"allow":["GET"]}}],"collection":[{"href":"https:\/\/staging.nbg.eu\/no\/wp-json\/wp\/v2\/product"}],"about":[{"href":"https:\/\/staging.nbg.eu\/no\/wp-json\/wp\/v2\/types\/product"}],"wp:featuredmedia":[{"embeddable":true,"href":"https:\/\/staging.nbg.eu\/no\/wp-json\/wp\/v2\/media\/32437"}],"wp:attachment":[{"href":"https:\/\/staging.nbg.eu\/no\/wp-json\/wp\/v2\/media?parent=38477"}],"wp:term":[{"taxonomy":"product_brand","embeddable":true,"href":"https:\/\/staging.nbg.eu\/no\/wp-json\/wp\/v2\/product_brand?post=38477"},{"taxonomy":"product_cat","embeddable":true,"href":"https:\/\/staging.nbg.eu\/no\/wp-json\/wp\/v2\/product_cat?post=38477"},{"taxonomy":"product_tag","embeddable":true,"href":"https:\/\/staging.nbg.eu\/no\/wp-json\/wp\/v2\/product_tag?post=38477"}],"curies":[{"name":"wp","href":"https:\/\/api.w.org\/{rel}","templated":true}]}}