{"id":37615,"date":"2024-09-02T10:54:46","date_gmt":"2024-09-02T10:54:46","guid":{"rendered":"https:\/\/staging.nbg.eu\/product\/bcm-quick-detach-sling-swivel-heavy-duty-design\/"},"modified":"2024-09-09T14:29:03","modified_gmt":"2024-09-09T14:29:03","slug":"bcm-hurtiglosbar-slingesvivel-robust-design","status":"publish","type":"product","link":"https:\/\/staging.nbg.eu\/no\/produkt\/bcm-hurtiglosbar-slingesvivel-robust-design\/","title":{"rendered":"BCM\u00ae Hurtigl\u00f8sbar Slingesvivel (Robust Design)"},"content":{"rendered":"<div class=\"product-description\">\n<h2>BCM\u00ae Hurtigl\u00f8sende Slyngesvivel (Kraftig Design)<\/h2>\n<p>Forbedre funksjonaliteten til skytev\u00e5penet ditt med BCM\u00ae Hurtigl\u00f8sende Slyngesvivel, konstruert for holdbarhet og p\u00e5litelighet.<\/p>\n<ul>\n<li>Innfelt stempeldesign forhindrer utilsiktet utl\u00f8sning, noe som sikrer at slyngen forblir sikkert festet<\/li>\n<li>Presisjonsprodusert i karbonst\u00e5l med manganfosfat-overflate for overlegen korrosjonsmotstand<\/li>\n<li>Trommelpolert og sandbl\u00e5st f\u00f8r belegging for en glatt, hektefri overflate<\/li>\n<li>Kompatibel med 1-1\/4&#8243; slynger, som gir allsidighet for ulike oppsett<\/li>\n<li>Kraftig konstruksjon t\u00e5ler hard bruk i krevende milj\u00f8er<\/li>\n<\/ul>\n<p>Stol p\u00e5 BCMs forpliktelse til kvalitet og ytelse. Denne hurtigl\u00f8sende slyngesvivelen er det perfekte tillegget til ditt taktiske utstyr, og gir rask festing og l\u00f8sning uten \u00e5 kompromittere sikkerheten.<\/p>\n<\/div>\n","protected":false},"excerpt":{"rendered":"<p>Hurtigutl\u00f8sende, kraftig reim-svivelkrok. Sikker, slitesterk, kompatibel med 1-1\/4&#8243;.<\/p>\n","protected":false},"featured_media":36986,"template":"","meta":{"_acf_changed":false},"product_brand":[11072],"product_cat":[13274,13311,13260],"product_tag":[],"class_list":{"0":"post-37615","1":"product","2":"type-product","3":"status-publish","4":"has-post-thumbnail","6":"product_brand-bcm","7":"product_cat-baereremmer","8":"product_cat-rifle","9":"product_cat-rifle-tuning","11":"first","12":"instock","13":"taxable","14":"shipping-taxable","15":"purchasable","16":"product-type-simple"},"acf":[],"_links":{"self":[{"href":"https:\/\/staging.nbg.eu\/no\/wp-json\/wp\/v2\/product\/37615","targetHints":{"allow":["GET"]}}],"collection":[{"href":"https:\/\/staging.nbg.eu\/no\/wp-json\/wp\/v2\/product"}],"about":[{"href":"https:\/\/staging.nbg.eu\/no\/wp-json\/wp\/v2\/types\/product"}],"wp:featuredmedia":[{"embeddable":true,"href":"https:\/\/staging.nbg.eu\/no\/wp-json\/wp\/v2\/media\/36986"}],"wp:attachment":[{"href":"https:\/\/staging.nbg.eu\/no\/wp-json\/wp\/v2\/media?parent=37615"}],"wp:term":[{"taxonomy":"product_brand","embeddable":true,"href":"https:\/\/staging.nbg.eu\/no\/wp-json\/wp\/v2\/product_brand?post=37615"},{"taxonomy":"product_cat","embeddable":true,"href":"https:\/\/staging.nbg.eu\/no\/wp-json\/wp\/v2\/product_cat?post=37615"},{"taxonomy":"product_tag","embeddable":true,"href":"https:\/\/staging.nbg.eu\/no\/wp-json\/wp\/v2\/product_tag?post=37615"}],"curies":[{"name":"wp","href":"https:\/\/api.w.org\/{rel}","templated":true}]}}