{"id":36531,"date":"2024-07-29T19:12:01","date_gmt":"2024-09-02T14:22:21","guid":{"rendered":"https:\/\/staging.nbg.eu\/product\/two-4-waist-pack-for-plate-carriers\/"},"modified":"2024-09-02T14:23:34","modified_gmt":"2024-09-02T14:23:34","slug":"two-4-midjeveske-for-platebaerere","status":"publish","type":"product","link":"https:\/\/staging.nbg.eu\/no\/produkt\/two-4-midjeveske-for-platebaerere\/","title":{"rendered":"Two-4 Midjeveske for Plateb\u00e6rere"},"content":{"rendered":"<p>Forbedre din plate carrier-oppsett med den allsidige Two-4 midjepakken fra BlueForceGear. Denne lavprofilerte pakken festes sikkert til midjen eller plate carrier-en din, og gir rask tilgang til viktig utstyr. Funksjoner inkluderer:<\/p>\n<ul>\n<li>Slitesterk 500D Cordura-konstruksjon<\/li>\n<li>MOLLE-kompatibelt festesystem<\/li>\n<li>Hovedrom med intern organisering<\/li>\n<li>Frontlomme for sm\u00e5 gjenstander<\/li>\n<li>Ambidekstr\u00f8s design for bruk p\u00e5 venstre eller h\u00f8yre side<\/li>\n<li>Tilgjengelig i flere farger<\/li>\n<\/ul>\n<p>Perfekt for milit\u00e6re, politi eller taktiske entusiaster, tilbyr Two-4 midjepakken praktisk oppbevaring uten \u00e5 g\u00e5 p\u00e5 bekostning av mobilitet. B\u00e6r medisinsk utstyr, ammunisjon eller personlige eiendeler med letthet. Bygget for \u00e5 vare og designet for optimal funksjonalitet i stressende situasjoner.<\/p>\n","protected":false},"excerpt":{"rendered":"<p>Modul\u00e6r midjebag for plateb\u00e6rere. Sikker, allsidig oppbevaring.<\/p>\n","protected":false},"featured_media":36532,"template":"","meta":{"_acf_changed":false},"product_brand":[11136],"product_cat":[13269,13293,13278],"product_tag":[],"class_list":{"0":"post-36531","1":"product","2":"type-product","3":"status-publish","4":"has-post-thumbnail","6":"product_brand-blue-force-gear","7":"product_cat-lommer","8":"product_cat-platebaerere","9":"product_cat-utstyr","11":"first","12":"instock","13":"taxable","14":"shipping-taxable","15":"purchasable","16":"product-type-simple"},"acf":[],"_links":{"self":[{"href":"https:\/\/staging.nbg.eu\/no\/wp-json\/wp\/v2\/product\/36531","targetHints":{"allow":["GET"]}}],"collection":[{"href":"https:\/\/staging.nbg.eu\/no\/wp-json\/wp\/v2\/product"}],"about":[{"href":"https:\/\/staging.nbg.eu\/no\/wp-json\/wp\/v2\/types\/product"}],"wp:featuredmedia":[{"embeddable":true,"href":"https:\/\/staging.nbg.eu\/no\/wp-json\/wp\/v2\/media\/36532"}],"wp:attachment":[{"href":"https:\/\/staging.nbg.eu\/no\/wp-json\/wp\/v2\/media?parent=36531"}],"wp:term":[{"taxonomy":"product_brand","embeddable":true,"href":"https:\/\/staging.nbg.eu\/no\/wp-json\/wp\/v2\/product_brand?post=36531"},{"taxonomy":"product_cat","embeddable":true,"href":"https:\/\/staging.nbg.eu\/no\/wp-json\/wp\/v2\/product_cat?post=36531"},{"taxonomy":"product_tag","embeddable":true,"href":"https:\/\/staging.nbg.eu\/no\/wp-json\/wp\/v2\/product_tag?post=36531"}],"curies":[{"name":"wp","href":"https:\/\/api.w.org\/{rel}","templated":true}]}}